{"id":2692,"date":"2021-11-17T08:22:02","date_gmt":"2021-11-17T07:22:02","guid":{"rendered":"https:\/\/magnetiplastic.it\/lavorazioni\/"},"modified":"2022-04-04T15:53:23","modified_gmt":"2022-04-04T13:53:23","slug":"lavorazioni","status":"publish","type":"page","link":"https:\/\/magnetiplastic.it\/es\/lavorazioni\/","title":{"rendered":"Procesando"},"content":{"rendered":"\t\t<div data-elementor-type=\"wp-page\" data-elementor-id=\"2692\" class=\"elementor elementor-2692 elementor-1014\" data-elementor-settings=\"[]\">\n\t\t\t\t\t\t<div class=\"elementor-inner\">\n\t\t\t\t\t\t\t<div class=\"elementor-section-wrap\">\n\t\t\t\t\t\t\t<section class=\"elementor-section elementor-top-section elementor-element elementor-element-407e11af elementor-section-full_width elementor-section-height-min-height elementor-section-items-stretch elementor-section-content-bottom elementor-section-height-default\" data-id=\"407e11af\" data-element_type=\"section\">\n\t\t\t\t\t\t<div class=\"elementor-container elementor-column-gap-no\">\n\t\t\t\t\t\t\t<div class=\"elementor-row\">\n\t\t\t\t\t<div class=\"aux-parallax-section elementor-column elementor-col-50 elementor-top-column elementor-element elementor-element-bd41b43\" data-id=\"bd41b43\" data-element_type=\"column\" data-settings=\"{&quot;background_background&quot;:&quot;classic&quot;}\">\n\t\t\t<div class=\"elementor-column-wrap elementor-element-populated\">\n\t\t\t\t\t\t\t<div class=\"elementor-widget-wrap\">\n\t\t\t\t\t\t<div class=\"elementor-element elementor-element-0afb7e4 title aux-appear-watch-animation aux-fade-in-up elementor-widget elementor-widget-aux_modern_heading\" data-id=\"0afb7e4\" data-element_type=\"widget\" data-widget_type=\"aux_modern_heading.default\">\n\t\t\t\t<div class=\"elementor-widget-container\">\n\t\t\t<section class=\"aux-widget-modern-heading\">\n            <div class=\"aux-widget-inner\"><h2 class=\"aux-modern-heading-primary\">Procesando\n<\/h2><div class=\"aux-modern-heading-description\">Nuestra f\u00e1brica tiene varios departamentos de procesamiento que nos permiten crear:\n<ul>\n<li> - Detalles en supresi\u00f3n con formas de dibujo desde 50 mm hasta 600 mm.<\/li>\n<li> - Trabajar con chorro de agua.<\/li>\n<li> - Cortes verticales<\/li>\n<\/ul>\nEl departamento de costura que produce cierra el ciclo de producci\u00f3n la pieza final con la aplicaci\u00f3n de velcro o bandas el\u00e1sticas\npara detalles de costura.\n\n<\/div><\/div>\n        <\/section>\t\t<\/div>\n\t\t\t\t<\/div>\n\t\t\t\t\t\t<\/div>\n\t\t\t\t\t<\/div>\n\t\t<\/div>\n\t\t\t\t<div class=\"aux-parallax-section elementor-column elementor-col-25 elementor-top-column elementor-element elementor-element-2516720d\" data-id=\"2516720d\" data-element_type=\"column\">\n\t\t\t<div class=\"elementor-column-wrap elementor-element-populated\">\n\t\t\t\t\t\t\t<div class=\"elementor-widget-wrap\">\n\t\t\t\t\t\t<div class=\"elementor-element elementor-element-3d3b607d elementor-widget elementor-widget-image\" data-id=\"3d3b607d\" data-element_type=\"widget\" data-widget_type=\"image.default\">\n\t\t\t\t<div class=\"elementor-widget-container\">\n\t\t\t\t\t\t\t\t<div class=\"elementor-image\">\n\t\t\t\t\t\t\t\t\t\t\t\t<img width=\"2500\" height=\"1663\" src=\"https:\/\/magnetiplastic.it\/wp-content\/uploads\/2021\/11\/lavorazione-cucito-1.jpg\" class=\"attachment-full size-full\" alt=\"\" loading=\"lazy\" srcset=\"https:\/\/magnetiplastic.it\/wp-content\/uploads\/2021\/11\/lavorazione-cucito-1.jpg 2500w, https:\/\/magnetiplastic.it\/wp-content\/uploads\/2021\/11\/lavorazione-cucito-1-1536x1022.jpg 1536w, https:\/\/magnetiplastic.it\/wp-content\/uploads\/2021\/11\/lavorazione-cucito-1-2048x1362.jpg 2048w, https:\/\/magnetiplastic.it\/wp-content\/uploads\/2021\/11\/lavorazione-cucito-1-1320x878.jpg 1320w, https:\/\/magnetiplastic.it\/wp-content\/uploads\/2021\/11\/lavorazione-cucito-1-600x399.jpg 600w\" sizes=\"(max-width: 2500px) 100vw, 2500px\" \/>\t\t\t\t\t\t\t\t\t\t\t\t\t\t<\/div>\n\t\t\t\t\t\t<\/div>\n\t\t\t\t<\/div>\n\t\t\t\t\t\t<\/div>\n\t\t\t\t\t<\/div>\n\t\t<\/div>\n\t\t\t\t<div class=\"aux-parallax-section elementor-column elementor-col-25 elementor-top-column elementor-element elementor-element-394935cb\" data-id=\"394935cb\" data-element_type=\"column\">\n\t\t\t<div class=\"elementor-column-wrap elementor-element-populated\">\n\t\t\t\t\t\t\t<div class=\"elementor-widget-wrap\">\n\t\t\t\t\t\t<div class=\"elementor-element elementor-element-d007c38 elementor-widget-mobile__width-initial animated-slow elementor-widget-tablet__width-initial elementor-invisible elementor-widget elementor-widget-spacer\" data-id=\"d007c38\" data-element_type=\"widget\" data-settings=\"{&quot;_animation&quot;:&quot;fadeInRight&quot;}\" data-widget_type=\"spacer.default\">\n\t\t\t\t<div class=\"elementor-widget-container\">\n\t\t\t\t\t<div class=\"elementor-spacer\">\n\t\t\t<div class=\"elementor-spacer-inner\"><\/div>\n\t\t<\/div>\n\t\t\t\t<\/div>\n\t\t\t\t<\/div>\n\t\t\t\t\t\t<\/div>\n\t\t\t\t\t<\/div>\n\t\t<\/div>\n\t\t\t\t\t\t\t\t<\/div>\n\t\t\t\t\t<\/div>\n\t\t<\/section>\n\t\t\t\t<section class=\"elementor-section elementor-top-section elementor-element elementor-element-5ff86c49 elementor-section-full_width elementor-section-height-default elementor-section-height-default\" data-id=\"5ff86c49\" data-element_type=\"section\">\n\t\t\t\t\t\t<div class=\"elementor-container elementor-column-gap-no\">\n\t\t\t\t\t\t\t<div class=\"elementor-row\">\n\t\t\t\t\t<div class=\"aux-parallax-section elementor-column elementor-col-100 elementor-top-column elementor-element elementor-element-170dacd5\" data-id=\"170dacd5\" data-element_type=\"column\">\n\t\t\t<div class=\"elementor-column-wrap elementor-element-populated\">\n\t\t\t\t\t\t\t<div class=\"elementor-widget-wrap\">\n\t\t\t\t\t\t<div class=\"elementor-element elementor-element-6c53efcb elementor-widget elementor-widget-gallery\" data-id=\"6c53efcb\" data-element_type=\"widget\" data-settings=\"{&quot;columns&quot;:&quot;3&quot;,&quot;gap&quot;:{&quot;unit&quot;:&quot;px&quot;,&quot;size&quot;:&quot;40&quot;,&quot;sizes&quot;:[]},&quot;aspect_ratio&quot;:&quot;1:1&quot;,&quot;lazyload&quot;:&quot;yes&quot;,&quot;gallery_layout&quot;:&quot;grid&quot;,&quot;columns_tablet&quot;:2,&quot;columns_mobile&quot;:1,&quot;gap_tablet&quot;:{&quot;unit&quot;:&quot;px&quot;,&quot;size&quot;:10,&quot;sizes&quot;:[]},&quot;gap_mobile&quot;:{&quot;unit&quot;:&quot;px&quot;,&quot;size&quot;:10,&quot;sizes&quot;:[]},&quot;link_to&quot;:&quot;file&quot;,&quot;show_all_galleries&quot;:&quot;yes&quot;,&quot;overlay_background&quot;:&quot;yes&quot;,&quot;content_hover_animation&quot;:&quot;fade-in&quot;}\" data-widget_type=\"gallery.default\">\n\t\t\t\t<div class=\"elementor-widget-container\">\n\t\t\t\t\t\t<div class=\"elementor-gallery__titles-container e--pointer-underline e--animation-fade\">\n\t\t\t\t\t\t\t\t\t<a data-gallery-index=\"all\" class=\"elementor-item elementor-gallery-title\">\n\t\t\t\t\t\ttodo\t\t\t\t\t<\/a>\n\t\t\t\t\n\t\t\t\t\t\t\t\t\t<a data-gallery-index=\"0\" class=\"elementor-item elementor-gallery-title\">\n\t\t\t\t\t\tBlanking\t\t\t\t\t<\/a>\n\t\t\t\t\t\t\t\t\t\t<a data-gallery-index=\"1\" class=\"elementor-item elementor-gallery-title\">\n\t\t\t\t\t\tCorte de agua  \t\t\t\t\t<\/a>\n\t\t\t\t\t\t\t\t\t\t<a data-gallery-index=\"2\" class=\"elementor-item elementor-gallery-title\">\n\t\t\t\t\t\tCorte vertical\t\t\t\t\t<\/a>\n\t\t\t\t\t\t\t\t\t\t<a data-gallery-index=\"3\" class=\"elementor-item elementor-gallery-title\">\n\t\t\t\t\t\tDepartamento de costura\t\t\t\t\t<\/a>\n\t\t\t\t\t\t\t\t<\/div>\n\t\t\t\t\t<div class=\"elementor-gallery__container\">\n\t\t\t\t\t\t\t<a class=\"e-gallery-item elementor-gallery-item elementor-animated-content\" data-e-gallery-tags=\"2\" href=\"https:\/\/magnetiplastic.it\/wp-content\/uploads\/2021\/11\/lavorazione-taglio-verticale.jpg\" data-elementor-open-lightbox=\"yes\" data-elementor-lightbox-slideshow=\"all-6c53efcb\" data-elementor-lightbox-title=\"lavorazione-taglio-verticale\">\n\t\t\t\t\t<div class=\"e-gallery-image elementor-gallery-item__image\" data-thumbnail=\"https:\/\/magnetiplastic.it\/wp-content\/uploads\/2021\/11\/lavorazione-taglio-verticale.jpg\" data-width=\"1024\" data-height=\"1024\" alt=\"\" ><\/div>\n\t\t\t\t\t\t\t\t\t\t\t<div class=\"elementor-gallery-item__overlay\"><\/div>\n\t\t\t\t\t\t\t\t\t\t\t\t\t\t<\/a>\n\t\t\t\t\t\t\t<a class=\"e-gallery-item elementor-gallery-item elementor-animated-content\" data-e-gallery-tags=\"0\" href=\"https:\/\/magnetiplastic.it\/wp-content\/uploads\/2021\/11\/lavorazione-tranciatura2.jpg\" data-elementor-open-lightbox=\"yes\" data-elementor-lightbox-slideshow=\"all-6c53efcb\" data-elementor-lightbox-title=\"lavorazione-tranciatura2\">\n\t\t\t\t\t<div class=\"e-gallery-image elementor-gallery-item__image\" data-thumbnail=\"https:\/\/magnetiplastic.it\/wp-content\/uploads\/2021\/11\/lavorazione-tranciatura2.jpg\" data-width=\"1024\" data-height=\"1024\" alt=\"\" ><\/div>\n\t\t\t\t\t\t\t\t\t\t\t<div class=\"elementor-gallery-item__overlay\"><\/div>\n\t\t\t\t\t\t\t\t\t\t\t\t\t\t<\/a>\n\t\t\t\t\t\t\t<a class=\"e-gallery-item elementor-gallery-item elementor-animated-content\" data-e-gallery-tags=\"0\" href=\"https:\/\/magnetiplastic.it\/wp-content\/uploads\/2021\/11\/lavorazione-tranciatura-1.jpg\" data-elementor-open-lightbox=\"yes\" data-elementor-lightbox-slideshow=\"all-6c53efcb\" data-elementor-lightbox-title=\"lavorazione-tranciatura\">\n\t\t\t\t\t<div class=\"e-gallery-image elementor-gallery-item__image\" data-thumbnail=\"https:\/\/magnetiplastic.it\/wp-content\/uploads\/2021\/11\/lavorazione-tranciatura-1.jpg\" data-width=\"1024\" data-height=\"1024\" alt=\"\" ><\/div>\n\t\t\t\t\t\t\t\t\t\t\t<div class=\"elementor-gallery-item__overlay\"><\/div>\n\t\t\t\t\t\t\t\t\t\t\t\t\t\t<\/a>\n\t\t\t\t\t\t\t<a class=\"e-gallery-item elementor-gallery-item elementor-animated-content\" data-e-gallery-tags=\"1\" href=\"https:\/\/magnetiplastic.it\/wp-content\/uploads\/2021\/11\/lavorazione-taglioacqua.jpg\" data-elementor-open-lightbox=\"yes\" data-elementor-lightbox-slideshow=\"all-6c53efcb\" data-elementor-lightbox-title=\"lavorazione-taglioacqua\">\n\t\t\t\t\t<div class=\"e-gallery-image elementor-gallery-item__image\" data-thumbnail=\"https:\/\/magnetiplastic.it\/wp-content\/uploads\/2021\/11\/lavorazione-taglioacqua.jpg\" data-width=\"1024\" data-height=\"1024\" alt=\"\" ><\/div>\n\t\t\t\t\t\t\t\t\t\t\t<div class=\"elementor-gallery-item__overlay\"><\/div>\n\t\t\t\t\t\t\t\t\t\t\t\t\t\t<\/a>\n\t\t\t\t\t\t\t<a class=\"e-gallery-item elementor-gallery-item elementor-animated-content\" data-e-gallery-tags=\"3\" href=\"https:\/\/magnetiplastic.it\/wp-content\/uploads\/2021\/11\/lavorazioni-cucito.jpg\" data-elementor-open-lightbox=\"yes\" data-elementor-lightbox-slideshow=\"all-6c53efcb\" data-elementor-lightbox-title=\"lavorazioni-cucito\">\n\t\t\t\t\t<div class=\"e-gallery-image elementor-gallery-item__image\" data-thumbnail=\"https:\/\/magnetiplastic.it\/wp-content\/uploads\/2021\/11\/lavorazioni-cucito.jpg\" data-width=\"1024\" data-height=\"1024\" alt=\"\" ><\/div>\n\t\t\t\t\t\t\t\t\t\t\t<div class=\"elementor-gallery-item__overlay\"><\/div>\n\t\t\t\t\t\t\t\t\t\t\t\t\t\t<\/a>\n\t\t\t\t\t\t\t<a class=\"e-gallery-item elementor-gallery-item elementor-animated-content\" data-e-gallery-tags=\"0\" href=\"https:\/\/magnetiplastic.it\/wp-content\/uploads\/2021\/11\/lavorazione-tranciatura1.jpg\" data-elementor-open-lightbox=\"yes\" data-elementor-lightbox-slideshow=\"all-6c53efcb\" data-elementor-lightbox-title=\"lavorazione-tranciatura1\">\n\t\t\t\t\t<div class=\"e-gallery-image elementor-gallery-item__image\" data-thumbnail=\"https:\/\/magnetiplastic.it\/wp-content\/uploads\/2021\/11\/lavorazione-tranciatura1.jpg\" data-width=\"1024\" data-height=\"1024\" alt=\"\" ><\/div>\n\t\t\t\t\t\t\t\t\t\t\t<div class=\"elementor-gallery-item__overlay\"><\/div>\n\t\t\t\t\t\t\t\t\t\t\t\t\t\t<\/a>\n\t\t\t\t\t\t\t<a class=\"e-gallery-item elementor-gallery-item elementor-animated-content\" data-e-gallery-tags=\"1\" href=\"https:\/\/magnetiplastic.it\/wp-content\/uploads\/2021\/11\/lavorazione-taglioacqua1.jpg\" data-elementor-open-lightbox=\"yes\" data-elementor-lightbox-slideshow=\"all-6c53efcb\" data-elementor-lightbox-title=\"lavorazione-taglioacqua1\">\n\t\t\t\t\t<div class=\"e-gallery-image elementor-gallery-item__image\" data-thumbnail=\"https:\/\/magnetiplastic.it\/wp-content\/uploads\/2021\/11\/lavorazione-taglioacqua1.jpg\" data-width=\"1024\" data-height=\"1024\" alt=\"\" ><\/div>\n\t\t\t\t\t\t\t\t\t\t\t<div class=\"elementor-gallery-item__overlay\"><\/div>\n\t\t\t\t\t\t\t\t\t\t\t\t\t\t<\/a>\n\t\t\t\t\t\t\t<a class=\"e-gallery-item elementor-gallery-item elementor-animated-content\" data-e-gallery-tags=\"3\" href=\"https:\/\/magnetiplastic.it\/wp-content\/uploads\/2021\/11\/lavorazioni-cucito2.jpg\" data-elementor-open-lightbox=\"yes\" data-elementor-lightbox-slideshow=\"all-6c53efcb\" data-elementor-lightbox-title=\"lavorazioni-cucito2\">\n\t\t\t\t\t<div class=\"e-gallery-image elementor-gallery-item__image\" data-thumbnail=\"https:\/\/magnetiplastic.it\/wp-content\/uploads\/2021\/11\/lavorazioni-cucito2.jpg\" data-width=\"1024\" data-height=\"1024\" alt=\"\" ><\/div>\n\t\t\t\t\t\t\t\t\t\t\t<div class=\"elementor-gallery-item__overlay\"><\/div>\n\t\t\t\t\t\t\t\t\t\t\t\t\t\t<\/a>\n\t\t\t\t\t\t\t<a class=\"e-gallery-item elementor-gallery-item elementor-animated-content\" data-e-gallery-tags=\"1\" href=\"https:\/\/magnetiplastic.it\/wp-content\/uploads\/2021\/11\/lavorazione-taglioacqua2.jpg\" data-elementor-open-lightbox=\"yes\" data-elementor-lightbox-slideshow=\"all-6c53efcb\" data-elementor-lightbox-title=\"lavorazione-taglioacqua2\">\n\t\t\t\t\t<div class=\"e-gallery-image elementor-gallery-item__image\" data-thumbnail=\"https:\/\/magnetiplastic.it\/wp-content\/uploads\/2021\/11\/lavorazione-taglioacqua2.jpg\" data-width=\"1024\" data-height=\"1024\" alt=\"\" ><\/div>\n\t\t\t\t\t\t\t\t\t\t\t<div class=\"elementor-gallery-item__overlay\"><\/div>\n\t\t\t\t\t\t\t\t\t\t\t\t\t\t<\/a>\n\t\t\t\t\t\t\t<a class=\"e-gallery-item elementor-gallery-item elementor-animated-content\" data-e-gallery-tags=\"3\" href=\"https:\/\/magnetiplastic.it\/wp-content\/uploads\/2021\/11\/lavorazioni-cucito1.jpg\" data-elementor-open-lightbox=\"yes\" data-elementor-lightbox-slideshow=\"all-6c53efcb\" data-elementor-lightbox-title=\"lavorazioni-cucito1\">\n\t\t\t\t\t<div class=\"e-gallery-image elementor-gallery-item__image\" data-thumbnail=\"https:\/\/magnetiplastic.it\/wp-content\/uploads\/2021\/11\/lavorazioni-cucito1.jpg\" data-width=\"1024\" data-height=\"1024\" alt=\"\" ><\/div>\n\t\t\t\t\t\t\t\t\t\t\t<div class=\"elementor-gallery-item__overlay\"><\/div>\n\t\t\t\t\t\t\t\t\t\t\t\t\t\t<\/a>\n\t\t\t\t\t\t\t<a class=\"e-gallery-item elementor-gallery-item elementor-animated-content\" data-e-gallery-tags=\"2\" href=\"https:\/\/magnetiplastic.it\/wp-content\/uploads\/2021\/11\/lavorazione-taglio-verticale1.jpg\" data-elementor-open-lightbox=\"yes\" data-elementor-lightbox-slideshow=\"all-6c53efcb\" data-elementor-lightbox-title=\"lavorazione-taglio-verticale1\">\n\t\t\t\t\t<div class=\"e-gallery-image elementor-gallery-item__image\" data-thumbnail=\"https:\/\/magnetiplastic.it\/wp-content\/uploads\/2021\/11\/lavorazione-taglio-verticale1.jpg\" data-width=\"1024\" data-height=\"1024\" alt=\"\" ><\/div>\n\t\t\t\t\t\t\t\t\t\t\t<div class=\"elementor-gallery-item__overlay\"><\/div>\n\t\t\t\t\t\t\t\t\t\t\t\t\t\t<\/a>\n\t\t\t\t\t<\/div>\n\t\t\t<\/div>\n\t\t\t\t<\/div>\n\t\t\t\t\t\t<\/div>\n\t\t\t\t\t<\/div>\n\t\t<\/div>\n\t\t\t\t\t\t\t\t<\/div>\n\t\t\t\t\t<\/div>\n\t\t<\/section>\n\t\t\t\t\t\t<\/div>\n\t\t\t\t\t\t<\/div>\n\t\t\t\t\t<\/div>\n\t\t","protected":false},"excerpt":{"rendered":"<p>Procesando Nuestra f\u00e1brica tiene varios departamentos de procesamiento que nos permiten crear: &#8211; Detalles en supresi\u00f3n con formas de dibujo desde 50 mm hasta 600 mm. &#8211; Trabajar con chorro de agua. &#8211; Cortes verticales El departamento de costura que produce cierra el ciclo de producci\u00f3n la pieza final con la aplicaci\u00f3n de velcro o [&hellip;]<\/p>\n","protected":false},"author":1,"featured_media":0,"parent":0,"menu_order":0,"comment_status":"closed","ping_status":"closed","template":"templates\/page-builder-content.php","meta":[],"_links":{"self":[{"href":"https:\/\/magnetiplastic.it\/es\/wp-json\/wp\/v2\/pages\/2692"}],"collection":[{"href":"https:\/\/magnetiplastic.it\/es\/wp-json\/wp\/v2\/pages"}],"about":[{"href":"https:\/\/magnetiplastic.it\/es\/wp-json\/wp\/v2\/types\/page"}],"author":[{"embeddable":true,"href":"https:\/\/magnetiplastic.it\/es\/wp-json\/wp\/v2\/users\/1"}],"replies":[{"embeddable":true,"href":"https:\/\/magnetiplastic.it\/es\/wp-json\/wp\/v2\/comments?post=2692"}],"version-history":[{"count":21,"href":"https:\/\/magnetiplastic.it\/es\/wp-json\/wp\/v2\/pages\/2692\/revisions"}],"predecessor-version":[{"id":3084,"href":"https:\/\/magnetiplastic.it\/es\/wp-json\/wp\/v2\/pages\/2692\/revisions\/3084"}],"wp:attachment":[{"href":"https:\/\/magnetiplastic.it\/es\/wp-json\/wp\/v2\/media?parent=2692"}],"curies":[{"name":"wp","href":"https:\/\/api.w.org\/{rel}","templated":true}]}}