{"id":2648,"date":"2021-11-15T14:35:27","date_gmt":"2021-11-15T13:35:27","guid":{"rendered":"https:\/\/magnetiplastic.it\/guarnizioni-industriali\/"},"modified":"2022-04-04T15:13:53","modified_gmt":"2022-04-04T13:13:53","slug":"guarnizioni-industriali","status":"publish","type":"page","link":"https:\/\/magnetiplastic.it\/es\/guarnizioni-industriali\/","title":{"rendered":"Juntas industriales"},"content":{"rendered":"\t\t<div data-elementor-type=\"wp-page\" data-elementor-id=\"2648\" class=\"elementor elementor-2648 elementor-730\" data-elementor-settings=\"[]\">\n\t\t\t\t\t\t<div class=\"elementor-inner\">\n\t\t\t\t\t\t\t<div class=\"elementor-section-wrap\">\n\t\t\t\t\t\t\t<section class=\"elementor-section elementor-top-section elementor-element elementor-element-c4e23d3 elementor-section-boxed elementor-section-height-default elementor-section-height-default\" data-id=\"c4e23d3\" data-element_type=\"section\" data-settings=\"{&quot;background_background&quot;:&quot;classic&quot;}\">\n\t\t\t\t\t\t\t<div class=\"elementor-background-overlay\"><\/div>\n\t\t\t\t\t\t\t<div class=\"elementor-container elementor-column-gap-default\">\n\t\t\t\t\t\t\t<div class=\"elementor-row\">\n\t\t\t\t\t<div class=\"aux-parallax-section elementor-column elementor-col-33 elementor-top-column elementor-element elementor-element-eb61d3f\" data-id=\"eb61d3f\" data-element_type=\"column\">\n\t\t\t<div class=\"elementor-column-wrap\">\n\t\t\t\t\t\t\t<div class=\"elementor-widget-wrap\">\n\t\t\t\t\t\t\t\t<\/div>\n\t\t\t\t\t<\/div>\n\t\t<\/div>\n\t\t\t\t<div class=\"aux-parallax-section elementor-column elementor-col-33 elementor-top-column elementor-element elementor-element-557220f\" data-id=\"557220f\" data-element_type=\"column\">\n\t\t\t<div class=\"elementor-column-wrap elementor-element-populated\">\n\t\t\t\t\t\t\t<div class=\"elementor-widget-wrap\">\n\t\t\t\t\t\t<div class=\"elementor-element elementor-element-d891841 aux-appear-watch-animation aux-fade-in-up-1 elementor-widget elementor-widget-aux_modern_heading\" data-id=\"d891841\" data-element_type=\"widget\" data-widget_type=\"aux_modern_heading.default\">\n\t\t\t\t<div class=\"elementor-widget-container\">\n\t\t\t<section class=\"aux-widget-modern-heading\">\n            <div class=\"aux-widget-inner\"><h1 class=\"aux-modern-heading-primary\">Juntas industriales<\/h1><\/div>\n        <\/section>\t\t<\/div>\n\t\t\t\t<\/div>\n\t\t\t\t<div class=\"elementor-element elementor-element-053cbf1 elementor-widget elementor-widget-spacer\" data-id=\"053cbf1\" data-element_type=\"widget\" data-widget_type=\"spacer.default\">\n\t\t\t\t<div class=\"elementor-widget-container\">\n\t\t\t\t\t<div class=\"elementor-spacer\">\n\t\t\t<div class=\"elementor-spacer-inner\"><\/div>\n\t\t<\/div>\n\t\t\t\t<\/div>\n\t\t\t\t<\/div>\n\t\t\t\t\t\t<\/div>\n\t\t\t\t\t<\/div>\n\t\t<\/div>\n\t\t\t\t<div class=\"aux-parallax-section elementor-column elementor-col-33 elementor-top-column elementor-element elementor-element-62ad93b\" data-id=\"62ad93b\" data-element_type=\"column\">\n\t\t\t<div class=\"elementor-column-wrap\">\n\t\t\t\t\t\t\t<div class=\"elementor-widget-wrap\">\n\t\t\t\t\t\t\t\t<\/div>\n\t\t\t\t\t<\/div>\n\t\t<\/div>\n\t\t\t\t\t\t\t\t<\/div>\n\t\t\t\t\t<\/div>\n\t\t<\/section>\n\t\t\t\t<section class=\"elementor-section elementor-top-section elementor-element elementor-element-76750bed elementor-section-boxed elementor-section-height-default elementor-section-height-default\" data-id=\"76750bed\" data-element_type=\"section\" data-settings=\"{&quot;background_background&quot;:&quot;classic&quot;}\">\n\t\t\t\t\t\t<div class=\"elementor-container elementor-column-gap-default\">\n\t\t\t\t\t\t\t<div class=\"elementor-row\">\n\t\t\t\t\t<div class=\"aux-parallax-section elementor-column elementor-col-33 elementor-top-column elementor-element elementor-element-9a2edd5\" data-id=\"9a2edd5\" data-element_type=\"column\">\n\t\t\t<div class=\"elementor-column-wrap elementor-element-populated\">\n\t\t\t\t\t\t\t<div class=\"elementor-widget-wrap\">\n\t\t\t\t\t\t<div class=\"elementor-element elementor-element-789656b elementor-widget elementor-widget-heading\" data-id=\"789656b\" data-element_type=\"widget\" data-widget_type=\"heading.default\">\n\t\t\t\t<div class=\"elementor-widget-container\">\n\t\t\t<h2 class=\"elementor-heading-title elementor-size-default\">Cauchos sint\u00e9ticos naturales<\/h2>\t\t<\/div>\n\t\t\t\t<\/div>\n\t\t\t\t<div class=\"elementor-element elementor-element-eaa018a elementor-widget elementor-widget-image\" data-id=\"eaa018a\" data-element_type=\"widget\" data-widget_type=\"image.default\">\n\t\t\t\t<div class=\"elementor-widget-container\">\n\t\t\t\t\t\t\t\t<div class=\"elementor-image\">\n\t\t\t\t\t\t\t\t\t\t\t\t<img width=\"2500\" height=\"1667\" src=\"https:\/\/magnetiplastic.it\/wp-content\/uploads\/2021\/11\/guarnizioni-in-gomma-tranciata.jpg\" class=\"attachment-full size-full\" alt=\"guarnizioni industriali in gomma tranciata\" loading=\"lazy\" srcset=\"https:\/\/magnetiplastic.it\/wp-content\/uploads\/2021\/11\/guarnizioni-in-gomma-tranciata.jpg 2500w, https:\/\/magnetiplastic.it\/wp-content\/uploads\/2021\/11\/guarnizioni-in-gomma-tranciata-1536x1024.jpg 1536w, https:\/\/magnetiplastic.it\/wp-content\/uploads\/2021\/11\/guarnizioni-in-gomma-tranciata-2048x1366.jpg 2048w, https:\/\/magnetiplastic.it\/wp-content\/uploads\/2021\/11\/guarnizioni-in-gomma-tranciata-600x400.jpg 600w\" sizes=\"(max-width: 2500px) 100vw, 2500px\" \/>\t\t\t\t\t\t\t\t\t\t\t\t\t\t<\/div>\n\t\t\t\t\t\t<\/div>\n\t\t\t\t<\/div>\n\t\t\t\t<div class=\"elementor-element elementor-element-4357a9e elementor-widget elementor-widget-text-editor\" data-id=\"4357a9e\" data-element_type=\"widget\" data-widget_type=\"text-editor.default\">\n\t\t\t\t<div class=\"elementor-widget-container\">\n\t\t\t\t\t\t\t\t<div class=\"elementor-text-editor elementor-clearfix\">\n\t\t\t\t<p>Juntas de caucho natural, caucho sint\u00e9tico, para y silicona.<\/p>\t\t\t\t\t<\/div>\n\t\t\t\t\t\t<\/div>\n\t\t\t\t<\/div>\n\t\t\t\t<div class=\"elementor-element elementor-element-368fde1 elementor-hidden-desktop elementor-hidden-tablet elementor-widget-divider--view-line elementor-widget elementor-widget-divider\" data-id=\"368fde1\" data-element_type=\"widget\" data-widget_type=\"divider.default\">\n\t\t\t\t<div class=\"elementor-widget-container\">\n\t\t\t\t\t<div class=\"elementor-divider\">\n\t\t\t<span class=\"elementor-divider-separator\">\n\t\t\t\t\t\t<\/span>\n\t\t<\/div>\n\t\t\t\t<\/div>\n\t\t\t\t<\/div>\n\t\t\t\t\t\t<\/div>\n\t\t\t\t\t<\/div>\n\t\t<\/div>\n\t\t\t\t<div class=\"aux-parallax-section elementor-column elementor-col-33 elementor-top-column elementor-element elementor-element-69d6f37\" data-id=\"69d6f37\" data-element_type=\"column\">\n\t\t\t<div class=\"elementor-column-wrap elementor-element-populated\">\n\t\t\t\t\t\t\t<div class=\"elementor-widget-wrap\">\n\t\t\t\t\t\t<div class=\"elementor-element elementor-element-8e6873e elementor-widget elementor-widget-heading\" data-id=\"8e6873e\" data-element_type=\"widget\" data-widget_type=\"heading.default\">\n\t\t\t\t<div class=\"elementor-widget-container\">\n\t\t\t<h2 class=\"elementor-heading-title elementor-size-default\">Juntas de mylar, tefl\u00f3n, nailon y flexoil<\/h2>\t\t<\/div>\n\t\t\t\t<\/div>\n\t\t\t\t<div class=\"elementor-element elementor-element-2c43673 elementor-widget elementor-widget-image\" data-id=\"2c43673\" data-element_type=\"widget\" data-widget_type=\"image.default\">\n\t\t\t\t<div class=\"elementor-widget-container\">\n\t\t\t\t\t\t\t\t<div class=\"elementor-image\">\n\t\t\t\t\t\t\t\t\t\t\t\t<img width=\"2500\" height=\"1667\" src=\"https:\/\/magnetiplastic.it\/wp-content\/uploads\/2021\/11\/Guarnizioni-mylar-teflon-nylon-flexoi.jpg\" class=\"attachment-full size-full\" alt=\"Guarnizioni industriali in mylar, teflon, nylon, flexoil\" loading=\"lazy\" srcset=\"https:\/\/magnetiplastic.it\/wp-content\/uploads\/2021\/11\/Guarnizioni-mylar-teflon-nylon-flexoi.jpg 2500w, https:\/\/magnetiplastic.it\/wp-content\/uploads\/2021\/11\/Guarnizioni-mylar-teflon-nylon-flexoi-1536x1024.jpg 1536w, https:\/\/magnetiplastic.it\/wp-content\/uploads\/2021\/11\/Guarnizioni-mylar-teflon-nylon-flexoi-2048x1366.jpg 2048w, https:\/\/magnetiplastic.it\/wp-content\/uploads\/2021\/11\/Guarnizioni-mylar-teflon-nylon-flexoi-1320x880.jpg 1320w, https:\/\/magnetiplastic.it\/wp-content\/uploads\/2021\/11\/Guarnizioni-mylar-teflon-nylon-flexoi-600x400.jpg 600w\" sizes=\"(max-width: 2500px) 100vw, 2500px\" \/>\t\t\t\t\t\t\t\t\t\t\t\t\t\t<\/div>\n\t\t\t\t\t\t<\/div>\n\t\t\t\t<\/div>\n\t\t\t\t<div class=\"elementor-element elementor-element-f4bb289 elementor-widget elementor-widget-text-editor\" data-id=\"f4bb289\" data-element_type=\"widget\" data-widget_type=\"text-editor.default\">\n\t\t\t\t<div class=\"elementor-widget-container\">\n\t\t\t\t\t\t\t\t<div class=\"elementor-text-editor elementor-clearfix\">\n\t\t\t\t<p>Detalles diel\u00e9ctricos, de sellado y de fricci\u00f3n.<\/p>\t\t\t\t\t<\/div>\n\t\t\t\t\t\t<\/div>\n\t\t\t\t<\/div>\n\t\t\t\t<div class=\"elementor-element elementor-element-a94cefd elementor-hidden-desktop elementor-hidden-tablet elementor-widget-divider--view-line elementor-widget elementor-widget-divider\" data-id=\"a94cefd\" data-element_type=\"widget\" data-widget_type=\"divider.default\">\n\t\t\t\t<div class=\"elementor-widget-container\">\n\t\t\t\t\t<div class=\"elementor-divider\">\n\t\t\t<span class=\"elementor-divider-separator\">\n\t\t\t\t\t\t<\/span>\n\t\t<\/div>\n\t\t\t\t<\/div>\n\t\t\t\t<\/div>\n\t\t\t\t\t\t<\/div>\n\t\t\t\t\t<\/div>\n\t\t<\/div>\n\t\t\t\t<div class=\"aux-parallax-section elementor-column elementor-col-33 elementor-top-column elementor-element elementor-element-5991b47\" data-id=\"5991b47\" data-element_type=\"column\">\n\t\t\t<div class=\"elementor-column-wrap elementor-element-populated\">\n\t\t\t\t\t\t\t<div class=\"elementor-widget-wrap\">\n\t\t\t\t\t\t<div class=\"elementor-element elementor-element-55a5810 elementor-widget elementor-widget-heading\" data-id=\"55a5810\" data-element_type=\"widget\" data-widget_type=\"heading.default\">\n\t\t\t\t<div class=\"elementor-widget-container\">\n\t\t\t<h2 class=\"elementor-heading-title elementor-size-default\">Guarnizioni industriali stampate<\/h2>\t\t<\/div>\n\t\t\t\t<\/div>\n\t\t\t\t<div class=\"elementor-element elementor-element-7d10768 elementor-widget elementor-widget-image\" data-id=\"7d10768\" data-element_type=\"widget\" data-widget_type=\"image.default\">\n\t\t\t\t<div class=\"elementor-widget-container\">\n\t\t\t\t\t\t\t\t<div class=\"elementor-image\">\n\t\t\t\t\t\t\t\t\t\t\t\t<img width=\"2500\" height=\"1667\" src=\"https:\/\/magnetiplastic.it\/wp-content\/uploads\/2021\/11\/guarnizioni-in-gomma-stampata.jpg\" class=\"attachment-full size-full\" alt=\"Guarnizioni industriali in gomma stampata\" loading=\"lazy\" srcset=\"https:\/\/magnetiplastic.it\/wp-content\/uploads\/2021\/11\/guarnizioni-in-gomma-stampata.jpg 2500w, https:\/\/magnetiplastic.it\/wp-content\/uploads\/2021\/11\/guarnizioni-in-gomma-stampata-1536x1024.jpg 1536w, https:\/\/magnetiplastic.it\/wp-content\/uploads\/2021\/11\/guarnizioni-in-gomma-stampata-2048x1366.jpg 2048w, https:\/\/magnetiplastic.it\/wp-content\/uploads\/2021\/11\/guarnizioni-in-gomma-stampata-600x400.jpg 600w\" sizes=\"(max-width: 2500px) 100vw, 2500px\" \/>\t\t\t\t\t\t\t\t\t\t\t\t\t\t<\/div>\n\t\t\t\t\t\t<\/div>\n\t\t\t\t<\/div>\n\t\t\t\t<div class=\"elementor-element elementor-element-ebb7925 elementor-widget elementor-widget-text-editor\" data-id=\"ebb7925\" data-element_type=\"widget\" data-widget_type=\"text-editor.default\">\n\t\t\t\t<div class=\"elementor-widget-container\">\n\t\t\t\t\t\t\t\t<div class=\"elementor-text-editor elementor-clearfix\">\n\t\t\t\t<p>Detalles a dise\u00f1ar impresos en caucho EPDM, silicona, Vyton.<\/p>\t\t\t\t\t<\/div>\n\t\t\t\t\t\t<\/div>\n\t\t\t\t<\/div>\n\t\t\t\t\t\t<\/div>\n\t\t\t\t\t<\/div>\n\t\t<\/div>\n\t\t\t\t\t\t\t\t<\/div>\n\t\t\t\t\t<\/div>\n\t\t<\/section>\n\t\t\t\t<section class=\"elementor-section elementor-top-section elementor-element elementor-element-bd46467 elementor-section-boxed elementor-section-height-default elementor-section-height-default\" data-id=\"bd46467\" data-element_type=\"section\" data-settings=\"{&quot;background_background&quot;:&quot;classic&quot;}\">\n\t\t\t\t\t\t<div class=\"elementor-container elementor-column-gap-default\">\n\t\t\t\t\t\t\t<div class=\"elementor-row\">\n\t\t\t\t\t<div class=\"aux-parallax-section elementor-column elementor-col-33 elementor-top-column elementor-element elementor-element-35caff7f\" data-id=\"35caff7f\" data-element_type=\"column\">\n\t\t\t<div class=\"elementor-column-wrap elementor-element-populated\">\n\t\t\t\t\t\t\t<div class=\"elementor-widget-wrap\">\n\t\t\t\t\t\t<div class=\"elementor-element elementor-element-c8decbb elementor-widget elementor-widget-heading\" data-id=\"c8decbb\" data-element_type=\"widget\" data-widget_type=\"heading.default\">\n\t\t\t\t<div class=\"elementor-widget-container\">\n\t\t\t<h2 class=\"elementor-heading-title elementor-size-default\">Juntas de juntas resistentes al calor<\/h2>\t\t<\/div>\n\t\t\t\t<\/div>\n\t\t\t\t<div class=\"elementor-element elementor-element-28cbc77 elementor-widget elementor-widget-image\" data-id=\"28cbc77\" data-element_type=\"widget\" data-widget_type=\"image.default\">\n\t\t\t\t<div class=\"elementor-widget-container\">\n\t\t\t\t\t\t\t\t<div class=\"elementor-image\">\n\t\t\t\t\t\t\t\t\t\t\t\t<img src=\"https:\/\/magnetiplastic.it\/wp-content\/uploads\/2021\/11\/MP_30PAZ_3377_Lres.jpg\" title=\"\" alt=\"Guarnizioni industriali in giuntura anticalore\" \/>\t\t\t\t\t\t\t\t\t\t\t\t\t\t<\/div>\n\t\t\t\t\t\t<\/div>\n\t\t\t\t<\/div>\n\t\t\t\t<div class=\"elementor-element elementor-element-06bf1af elementor-widget elementor-widget-text-editor\" data-id=\"06bf1af\" data-element_type=\"widget\" data-widget_type=\"text-editor.default\">\n\t\t\t\t<div class=\"elementor-widget-container\">\n\t\t\t\t\t\t\t\t<div class=\"elementor-text-editor elementor-clearfix\">\n\t\t\t\t<p>Sellos cortados seg\u00fan el dise\u00f1o para altas temperaturas en juntas sin asbesto aprobadas para agua y gas.<\/p>\t\t\t\t\t<\/div>\n\t\t\t\t\t\t<\/div>\n\t\t\t\t<\/div>\n\t\t\t\t\t\t<\/div>\n\t\t\t\t\t<\/div>\n\t\t<\/div>\n\t\t\t\t<div class=\"aux-parallax-section elementor-column elementor-col-33 elementor-top-column elementor-element elementor-element-e507a59\" data-id=\"e507a59\" data-element_type=\"column\">\n\t\t\t<div class=\"elementor-column-wrap elementor-element-populated\">\n\t\t\t\t\t\t\t<div class=\"elementor-widget-wrap\">\n\t\t\t\t\t\t<div class=\"elementor-element elementor-element-f3b63f7 elementor-widget elementor-widget-heading\" data-id=\"f3b63f7\" data-element_type=\"widget\" data-widget_type=\"heading.default\">\n\t\t\t\t<div class=\"elementor-widget-container\">\n\t\t\t<h2 class=\"elementor-heading-title elementor-size-default\">Juntas de corcho de caucho<\/h2>\t\t<\/div>\n\t\t\t\t<\/div>\n\t\t\t\t<div class=\"elementor-element elementor-element-5e19864 elementor-widget elementor-widget-image\" data-id=\"5e19864\" data-element_type=\"widget\" data-widget_type=\"image.default\">\n\t\t\t\t<div class=\"elementor-widget-container\">\n\t\t\t\t\t\t\t\t<div class=\"elementor-image\">\n\t\t\t\t\t\t\t\t\t\t\t\t<img width=\"2500\" height=\"1667\" src=\"https:\/\/magnetiplastic.it\/wp-content\/uploads\/2021\/11\/Guarnizioni-in-sughero-flexoil.jpg\" class=\"attachment-full size-full\" alt=\"Guarnizioni industriali in sughero\" loading=\"lazy\" srcset=\"https:\/\/magnetiplastic.it\/wp-content\/uploads\/2021\/11\/Guarnizioni-in-sughero-flexoil.jpg 2500w, https:\/\/magnetiplastic.it\/wp-content\/uploads\/2021\/11\/Guarnizioni-in-sughero-flexoil-1536x1024.jpg 1536w, https:\/\/magnetiplastic.it\/wp-content\/uploads\/2021\/11\/Guarnizioni-in-sughero-flexoil-2048x1366.jpg 2048w, https:\/\/magnetiplastic.it\/wp-content\/uploads\/2021\/11\/Guarnizioni-in-sughero-flexoil-600x400.jpg 600w\" sizes=\"(max-width: 2500px) 100vw, 2500px\" \/>\t\t\t\t\t\t\t\t\t\t\t\t\t\t<\/div>\n\t\t\t\t\t\t<\/div>\n\t\t\t\t<\/div>\n\t\t\t\t<div class=\"elementor-element elementor-element-523c782 elementor-widget elementor-widget-text-editor\" data-id=\"523c782\" data-element_type=\"widget\" data-widget_type=\"text-editor.default\">\n\t\t\t\t<div class=\"elementor-widget-container\">\n\t\t\t\t\t\t\t\t<div class=\"elementor-text-editor elementor-clearfix\">\n\t\t\t\t<p>Juntas de corcho\u2063\u2063\u2063\u2063 caucho resistente al aceite. Est\u00e1ndares DIN y DGW<\/p>\t\t\t\t\t<\/div>\n\t\t\t\t\t\t<\/div>\n\t\t\t\t<\/div>\n\t\t\t\t\t\t<\/div>\n\t\t\t\t\t<\/div>\n\t\t<\/div>\n\t\t\t\t<div class=\"aux-parallax-section elementor-column elementor-col-33 elementor-top-column elementor-element elementor-element-9b53637\" data-id=\"9b53637\" data-element_type=\"column\">\n\t\t\t<div class=\"elementor-column-wrap elementor-element-populated\">\n\t\t\t\t\t\t\t<div class=\"elementor-widget-wrap\">\n\t\t\t\t\t\t<div class=\"elementor-element elementor-element-ead661f elementor-widget elementor-widget-heading\" data-id=\"ead661f\" data-element_type=\"widget\" data-widget_type=\"heading.default\">\n\t\t\t\t<div class=\"elementor-widget-container\">\n\t\t\t<h2 class=\"elementor-heading-title elementor-size-default\">Juntas de espuma espuma<\/h2>\t\t<\/div>\n\t\t\t\t<\/div>\n\t\t\t\t<div class=\"elementor-element elementor-element-1f6bbc1 elementor-widget elementor-widget-image\" data-id=\"1f6bbc1\" data-element_type=\"widget\" data-widget_type=\"image.default\">\n\t\t\t\t<div class=\"elementor-widget-container\">\n\t\t\t\t\t\t\t\t<div class=\"elementor-image\">\n\t\t\t\t\t\t\t\t\t\t\t\t<img width=\"2500\" height=\"1667\" src=\"https:\/\/magnetiplastic.it\/wp-content\/uploads\/2021\/11\/MP_31PAZ_3379_Lres.jpg\" class=\"attachment-full size-full\" alt=\"Guarnizioni industriali in mousse espanso\" loading=\"lazy\" srcset=\"https:\/\/magnetiplastic.it\/wp-content\/uploads\/2021\/11\/MP_31PAZ_3379_Lres.jpg 2500w, https:\/\/magnetiplastic.it\/wp-content\/uploads\/2021\/11\/MP_31PAZ_3379_Lres-1536x1024.jpg 1536w, https:\/\/magnetiplastic.it\/wp-content\/uploads\/2021\/11\/MP_31PAZ_3379_Lres-2048x1366.jpg 2048w, https:\/\/magnetiplastic.it\/wp-content\/uploads\/2021\/11\/MP_31PAZ_3379_Lres-600x400.jpg 600w\" sizes=\"(max-width: 2500px) 100vw, 2500px\" \/>\t\t\t\t\t\t\t\t\t\t\t\t\t\t<\/div>\n\t\t\t\t\t\t<\/div>\n\t\t\t\t<\/div>\n\t\t\t\t<div class=\"elementor-element elementor-element-3590da8 elementor-widget elementor-widget-text-editor\" data-id=\"3590da8\" data-element_type=\"widget\" data-widget_type=\"text-editor.default\">\n\t\t\t\t<div class=\"elementor-widget-container\">\n\t\t\t\t\t\t\t\t<div class=\"elementor-text-editor elementor-clearfix\">\n\t\t\t\t<p>Juntas de estanqueidad en espuma EPDM y neopreno, adhesivas y no adhesivas.<\/p>\t\t\t\t\t<\/div>\n\t\t\t\t\t\t<\/div>\n\t\t\t\t<\/div>\n\t\t\t\t\t\t<\/div>\n\t\t\t\t\t<\/div>\n\t\t<\/div>\n\t\t\t\t\t\t\t\t<\/div>\n\t\t\t\t\t<\/div>\n\t\t<\/section>\n\t\t\t\t<section class=\"elementor-section elementor-top-section elementor-element elementor-element-ddf3107 elementor-section-boxed elementor-section-height-default elementor-section-height-default\" data-id=\"ddf3107\" data-element_type=\"section\" data-settings=\"{&quot;background_background&quot;:&quot;classic&quot;}\">\n\t\t\t\t\t\t<div class=\"elementor-container elementor-column-gap-default\">\n\t\t\t\t\t\t\t<div class=\"elementor-row\">\n\t\t\t\t\t<div class=\"aux-parallax-section elementor-column elementor-col-33 elementor-top-column elementor-element elementor-element-b3de37e\" data-id=\"b3de37e\" data-element_type=\"column\">\n\t\t\t<div class=\"elementor-column-wrap elementor-element-populated\">\n\t\t\t\t\t\t\t<div class=\"elementor-widget-wrap\">\n\t\t\t\t\t\t<div class=\"elementor-element elementor-element-40a3d33 elementor-widget elementor-widget-heading\" data-id=\"40a3d33\" data-element_type=\"widget\" data-widget_type=\"heading.default\">\n\t\t\t\t<div class=\"elementor-widget-container\">\n\t\t\t<h2 class=\"elementor-heading-title elementor-size-default\">O-ring<\/h2>\t\t<\/div>\n\t\t\t\t<\/div>\n\t\t\t\t<div class=\"elementor-element elementor-element-38f53a1 elementor-widget elementor-widget-image\" data-id=\"38f53a1\" data-element_type=\"widget\" data-widget_type=\"image.default\">\n\t\t\t\t<div class=\"elementor-widget-container\">\n\t\t\t\t\t\t\t\t<div class=\"elementor-image\">\n\t\t\t\t\t\t\t\t\t\t\t\t<img width=\"2500\" height=\"1667\" src=\"https:\/\/magnetiplastic.it\/wp-content\/uploads\/2021\/11\/oring.jpg\" class=\"attachment-full size-full\" alt=\"Guarnizioni industriali o ring\" loading=\"lazy\" srcset=\"https:\/\/magnetiplastic.it\/wp-content\/uploads\/2021\/11\/oring.jpg 2500w, https:\/\/magnetiplastic.it\/wp-content\/uploads\/2021\/11\/oring-1536x1024.jpg 1536w, https:\/\/magnetiplastic.it\/wp-content\/uploads\/2021\/11\/oring-2048x1366.jpg 2048w, https:\/\/magnetiplastic.it\/wp-content\/uploads\/2021\/11\/oring-1320x880.jpg 1320w, https:\/\/magnetiplastic.it\/wp-content\/uploads\/2021\/11\/oring-600x400.jpg 600w\" sizes=\"(max-width: 2500px) 100vw, 2500px\" \/>\t\t\t\t\t\t\t\t\t\t\t\t\t\t<\/div>\n\t\t\t\t\t\t<\/div>\n\t\t\t\t<\/div>\n\t\t\t\t<div class=\"elementor-element elementor-element-47f8bef elementor-widget elementor-widget-text-editor\" data-id=\"47f8bef\" data-element_type=\"widget\" data-widget_type=\"text-editor.default\">\n\t\t\t\t<div class=\"elementor-widget-container\">\n\t\t\t\t\t\t\t\t<div class=\"elementor-text-editor elementor-clearfix\">\n\t\t\t\t<p>Anillos de estanqueidad en NBR y silicona.<\/p>\t\t\t\t\t<\/div>\n\t\t\t\t\t\t<\/div>\n\t\t\t\t<\/div>\n\t\t\t\t\t\t<\/div>\n\t\t\t\t\t<\/div>\n\t\t<\/div>\n\t\t\t\t<div class=\"aux-parallax-section elementor-column elementor-col-33 elementor-top-column elementor-element elementor-element-9dbcd11\" data-id=\"9dbcd11\" data-element_type=\"column\">\n\t\t\t<div class=\"elementor-column-wrap elementor-element-populated\">\n\t\t\t\t\t\t\t<div class=\"elementor-widget-wrap\">\n\t\t\t\t\t\t<div class=\"elementor-element elementor-element-c7b3175 elementor-widget elementor-widget-heading\" data-id=\"c7b3175\" data-element_type=\"widget\" data-widget_type=\"heading.default\">\n\t\t\t\t<div class=\"elementor-widget-container\">\n\t\t\t<h2 class=\"elementor-heading-title elementor-size-default\">Tubos de silicona<\/h2>\t\t<\/div>\n\t\t\t\t<\/div>\n\t\t\t\t<div class=\"elementor-element elementor-element-5b20fa5 elementor-widget elementor-widget-image\" data-id=\"5b20fa5\" data-element_type=\"widget\" data-widget_type=\"image.default\">\n\t\t\t\t<div class=\"elementor-widget-container\">\n\t\t\t\t\t\t\t\t<div class=\"elementor-image\">\n\t\t\t\t\t\t\t\t\t\t\t\t<img width=\"2500\" height=\"1667\" src=\"https:\/\/magnetiplastic.it\/wp-content\/uploads\/2021\/11\/tubi-in-silicone.jpg\" class=\"attachment-full size-full\" alt=\"guarnizioni industriali e tubi in silicone\" loading=\"lazy\" srcset=\"https:\/\/magnetiplastic.it\/wp-content\/uploads\/2021\/11\/tubi-in-silicone.jpg 2500w, https:\/\/magnetiplastic.it\/wp-content\/uploads\/2021\/11\/tubi-in-silicone-1536x1024.jpg 1536w, https:\/\/magnetiplastic.it\/wp-content\/uploads\/2021\/11\/tubi-in-silicone-2048x1366.jpg 2048w, https:\/\/magnetiplastic.it\/wp-content\/uploads\/2021\/11\/tubi-in-silicone-1320x880.jpg 1320w, https:\/\/magnetiplastic.it\/wp-content\/uploads\/2021\/11\/tubi-in-silicone-600x400.jpg 600w\" sizes=\"(max-width: 2500px) 100vw, 2500px\" \/>\t\t\t\t\t\t\t\t\t\t\t\t\t\t<\/div>\n\t\t\t\t\t\t<\/div>\n\t\t\t\t<\/div>\n\t\t\t\t<div class=\"elementor-element elementor-element-4bee0fa elementor-widget elementor-widget-text-editor\" data-id=\"4bee0fa\" data-element_type=\"widget\" data-widget_type=\"text-editor.default\">\n\t\t\t\t<div class=\"elementor-widget-container\">\n\t\t\t\t\t\t\t\t<div class=\"elementor-text-editor elementor-clearfix\">\n\t\t\t\t<p>Tubos de silicona disponibles por metro o cortados a medida.<\/p>\t\t\t\t\t<\/div>\n\t\t\t\t\t\t<\/div>\n\t\t\t\t<\/div>\n\t\t\t\t\t\t<\/div>\n\t\t\t\t\t<\/div>\n\t\t<\/div>\n\t\t\t\t<div class=\"aux-parallax-section elementor-column elementor-col-33 elementor-top-column elementor-element elementor-element-14a2887\" data-id=\"14a2887\" data-element_type=\"column\">\n\t\t\t<div class=\"elementor-column-wrap\">\n\t\t\t\t\t\t\t<div class=\"elementor-widget-wrap\">\n\t\t\t\t\t\t\t\t<\/div>\n\t\t\t\t\t<\/div>\n\t\t<\/div>\n\t\t\t\t\t\t\t\t<\/div>\n\t\t\t\t\t<\/div>\n\t\t<\/section>\n\t\t\t\t\t\t<\/div>\n\t\t\t\t\t\t<\/div>\n\t\t\t\t\t<\/div>\n\t\t","protected":false},"excerpt":{"rendered":"<p>Juntas industriales Cauchos sint\u00e9ticos naturales Juntas de caucho natural, caucho sint\u00e9tico, para y silicona. Juntas de mylar, tefl\u00f3n, nailon y flexoil Detalles diel\u00e9ctricos, de sellado y de fricci\u00f3n. Guarnizioni industriali stampate Detalles a dise\u00f1ar impresos en caucho EPDM, silicona, Vyton. Juntas de juntas resistentes al calor Sellos cortados seg\u00fan el dise\u00f1o para altas temperaturas en [&hellip;]<\/p>\n","protected":false},"author":1,"featured_media":0,"parent":0,"menu_order":0,"comment_status":"closed","ping_status":"closed","template":"templates\/page-builder-content.php","meta":[],"_links":{"self":[{"href":"https:\/\/magnetiplastic.it\/es\/wp-json\/wp\/v2\/pages\/2648"}],"collection":[{"href":"https:\/\/magnetiplastic.it\/es\/wp-json\/wp\/v2\/pages"}],"about":[{"href":"https:\/\/magnetiplastic.it\/es\/wp-json\/wp\/v2\/types\/page"}],"author":[{"embeddable":true,"href":"https:\/\/magnetiplastic.it\/es\/wp-json\/wp\/v2\/users\/1"}],"replies":[{"embeddable":true,"href":"https:\/\/magnetiplastic.it\/es\/wp-json\/wp\/v2\/comments?post=2648"}],"version-history":[{"count":34,"href":"https:\/\/magnetiplastic.it\/es\/wp-json\/wp\/v2\/pages\/2648\/revisions"}],"predecessor-version":[{"id":3072,"href":"https:\/\/magnetiplastic.it\/es\/wp-json\/wp\/v2\/pages\/2648\/revisions\/3072"}],"wp:attachment":[{"href":"https:\/\/magnetiplastic.it\/es\/wp-json\/wp\/v2\/media?parent=2648"}],"curies":[{"name":"wp","href":"https:\/\/api.w.org\/{rel}","templated":true}]}}