{"id":2643,"date":"2021-11-17T12:03:26","date_gmt":"2021-11-17T11:03:26","guid":{"rendered":"https:\/\/magnetiplastic.it\/filtri-in-poliuretano-espanso\/"},"modified":"2022-04-04T15:04:38","modified_gmt":"2022-04-04T13:04:38","slug":"filtri-in-poliuretano-espanso","status":"publish","type":"page","link":"https:\/\/magnetiplastic.it\/es\/filtri-in-poliuretano-espanso\/","title":{"rendered":"Filtros de Poliuretano Expandido"},"content":{"rendered":"\t\t<div data-elementor-type=\"wp-page\" data-elementor-id=\"2643\" class=\"elementor elementor-2643 elementor-1065\" data-elementor-settings=\"[]\">\n\t\t\t\t\t\t<div class=\"elementor-inner\">\n\t\t\t\t\t\t\t<div class=\"elementor-section-wrap\">\n\t\t\t\t\t\t\t<section class=\"elementor-section elementor-top-section elementor-element elementor-element-c4e23d3 elementor-section-boxed elementor-section-height-default elementor-section-height-default\" data-id=\"c4e23d3\" data-element_type=\"section\" data-settings=\"{&quot;background_background&quot;:&quot;classic&quot;}\">\n\t\t\t\t\t\t\t<div class=\"elementor-background-overlay\"><\/div>\n\t\t\t\t\t\t\t<div class=\"elementor-container elementor-column-gap-default\">\n\t\t\t\t\t\t\t<div class=\"elementor-row\">\n\t\t\t\t\t<div class=\"aux-parallax-section elementor-column elementor-col-33 elementor-top-column elementor-element elementor-element-eb61d3f\" data-id=\"eb61d3f\" data-element_type=\"column\">\n\t\t\t<div class=\"elementor-column-wrap\">\n\t\t\t\t\t\t\t<div class=\"elementor-widget-wrap\">\n\t\t\t\t\t\t\t\t<\/div>\n\t\t\t\t\t<\/div>\n\t\t<\/div>\n\t\t\t\t<div class=\"aux-parallax-section elementor-column elementor-col-33 elementor-top-column elementor-element elementor-element-557220f\" data-id=\"557220f\" data-element_type=\"column\">\n\t\t\t<div class=\"elementor-column-wrap elementor-element-populated\">\n\t\t\t\t\t\t\t<div class=\"elementor-widget-wrap\">\n\t\t\t\t\t\t<div class=\"elementor-element elementor-element-d891841 aux-appear-watch-animation aux-fade-in-up-1 elementor-widget elementor-widget-aux_modern_heading\" data-id=\"d891841\" data-element_type=\"widget\" data-widget_type=\"aux_modern_heading.default\">\n\t\t\t\t<div class=\"elementor-widget-container\">\n\t\t\t<section class=\"aux-widget-modern-heading\">\n            <div class=\"aux-widget-inner\"><h1 class=\"aux-modern-heading-primary\">Filtros de Poliuretano Expandido<\/h1><\/div>\n        <\/section>\t\t<\/div>\n\t\t\t\t<\/div>\n\t\t\t\t<div class=\"elementor-element elementor-element-2e9f8b4 elementor-widget elementor-widget-spacer\" data-id=\"2e9f8b4\" data-element_type=\"widget\" data-widget_type=\"spacer.default\">\n\t\t\t\t<div class=\"elementor-widget-container\">\n\t\t\t\t\t<div class=\"elementor-spacer\">\n\t\t\t<div class=\"elementor-spacer-inner\"><\/div>\n\t\t<\/div>\n\t\t\t\t<\/div>\n\t\t\t\t<\/div>\n\t\t\t\t\t\t<\/div>\n\t\t\t\t\t<\/div>\n\t\t<\/div>\n\t\t\t\t<div class=\"aux-parallax-section elementor-column elementor-col-33 elementor-top-column elementor-element elementor-element-62ad93b\" data-id=\"62ad93b\" data-element_type=\"column\">\n\t\t\t<div class=\"elementor-column-wrap\">\n\t\t\t\t\t\t\t<div class=\"elementor-widget-wrap\">\n\t\t\t\t\t\t\t\t<\/div>\n\t\t\t\t\t<\/div>\n\t\t<\/div>\n\t\t\t\t\t\t\t\t<\/div>\n\t\t\t\t\t<\/div>\n\t\t<\/section>\n\t\t\t\t<section class=\"elementor-section elementor-top-section elementor-element elementor-element-76750bed elementor-section-boxed elementor-section-height-default elementor-section-height-default\" data-id=\"76750bed\" data-element_type=\"section\" data-settings=\"{&quot;background_background&quot;:&quot;classic&quot;}\">\n\t\t\t\t\t\t<div class=\"elementor-container elementor-column-gap-default\">\n\t\t\t\t\t\t\t<div class=\"elementor-row\">\n\t\t\t\t\t<div class=\"aux-parallax-section elementor-column elementor-col-33 elementor-top-column elementor-element elementor-element-9a2edd5\" data-id=\"9a2edd5\" data-element_type=\"column\">\n\t\t\t<div class=\"elementor-column-wrap elementor-element-populated\">\n\t\t\t\t\t\t\t<div class=\"elementor-widget-wrap\">\n\t\t\t\t\t\t<div class=\"elementor-element elementor-element-789656b elementor-widget elementor-widget-heading\" data-id=\"789656b\" data-element_type=\"widget\" data-widget_type=\"heading.default\">\n\t\t\t\t<div class=\"elementor-widget-container\">\n\t\t\t<h2 class=\"elementor-heading-title elementor-size-default\">\nRebanadas para aire y agua<\/h2>\t\t<\/div>\n\t\t\t\t<\/div>\n\t\t\t\t<div class=\"elementor-element elementor-element-eaa018a elementor-widget elementor-widget-image\" data-id=\"eaa018a\" data-element_type=\"widget\" data-widget_type=\"image.default\">\n\t\t\t\t<div class=\"elementor-widget-container\">\n\t\t\t\t\t\t\t\t<div class=\"elementor-image\">\n\t\t\t\t\t\t\t\t\t\t\t\t<img width=\"2500\" height=\"1666\" src=\"https:\/\/magnetiplastic.it\/wp-content\/uploads\/2021\/11\/MP_08PAZ_3348mg_Lres.jpg\" class=\"attachment-full size-full\" alt=\"\" loading=\"lazy\" srcset=\"https:\/\/magnetiplastic.it\/wp-content\/uploads\/2021\/11\/MP_08PAZ_3348mg_Lres.jpg 2500w, https:\/\/magnetiplastic.it\/wp-content\/uploads\/2021\/11\/MP_08PAZ_3348mg_Lres-1536x1024.jpg 1536w, https:\/\/magnetiplastic.it\/wp-content\/uploads\/2021\/11\/MP_08PAZ_3348mg_Lres-2048x1365.jpg 2048w, https:\/\/magnetiplastic.it\/wp-content\/uploads\/2021\/11\/MP_08PAZ_3348mg_Lres-600x400.jpg 600w\" sizes=\"(max-width: 2500px) 100vw, 2500px\" \/>\t\t\t\t\t\t\t\t\t\t\t\t\t\t<\/div>\n\t\t\t\t\t\t<\/div>\n\t\t\t\t<\/div>\n\t\t\t\t<div class=\"elementor-element elementor-element-4357a9e elementor-widget elementor-widget-text-editor\" data-id=\"4357a9e\" data-element_type=\"widget\" data-widget_type=\"text-editor.default\">\n\t\t\t\t<div class=\"elementor-widget-container\">\n\t\t\t\t\t\t\t\t<div class=\"elementor-text-editor elementor-clearfix\">\n\t\t\t\t<p>Filtros cosidos y troquelados para aire y agua. Peso de 10 a 80 PPI seg\u00fan el grado de filtraci\u00f3n requerido. Versi\u00f3n normal e ign\u00edfuga disponible seg\u00fan norma MVSS302.<\/p>\t\t\t\t\t<\/div>\n\t\t\t\t\t\t<\/div>\n\t\t\t\t<\/div>\n\t\t\t\t<div class=\"elementor-element elementor-element-368fde1 elementor-hidden-desktop elementor-hidden-tablet elementor-widget-divider--view-line elementor-widget elementor-widget-divider\" data-id=\"368fde1\" data-element_type=\"widget\" data-widget_type=\"divider.default\">\n\t\t\t\t<div class=\"elementor-widget-container\">\n\t\t\t\t\t<div class=\"elementor-divider\">\n\t\t\t<span class=\"elementor-divider-separator\">\n\t\t\t\t\t\t<\/span>\n\t\t<\/div>\n\t\t\t\t<\/div>\n\t\t\t\t<\/div>\n\t\t\t\t\t\t<\/div>\n\t\t\t\t\t<\/div>\n\t\t<\/div>\n\t\t\t\t<div class=\"aux-parallax-section elementor-column elementor-col-33 elementor-top-column elementor-element elementor-element-69d6f37\" data-id=\"69d6f37\" data-element_type=\"column\">\n\t\t\t<div class=\"elementor-column-wrap elementor-element-populated\">\n\t\t\t\t\t\t\t<div class=\"elementor-widget-wrap\">\n\t\t\t\t\t\t<div class=\"elementor-element elementor-element-55a5810 elementor-widget elementor-widget-heading\" data-id=\"55a5810\" data-element_type=\"widget\" data-widget_type=\"heading.default\">\n\t\t\t\t<div class=\"elementor-widget-container\">\n\t\t\t<h2 class=\"elementor-heading-title elementor-size-default\">Cosido para aire y agua.<\/h2>\t\t<\/div>\n\t\t\t\t<\/div>\n\t\t\t\t<div class=\"elementor-element elementor-element-7d10768 elementor-widget elementor-widget-image\" data-id=\"7d10768\" data-element_type=\"widget\" data-widget_type=\"image.default\">\n\t\t\t\t<div class=\"elementor-widget-container\">\n\t\t\t\t\t\t\t\t<div class=\"elementor-image\">\n\t\t\t\t\t\t\t\t\t\t\t\t<img width=\"2500\" height=\"1667\" src=\"https:\/\/magnetiplastic.it\/wp-content\/uploads\/2021\/11\/filtri-cuciti-per-aria-e-acqua.jpg\" class=\"attachment-full size-full\" alt=\"\" loading=\"lazy\" srcset=\"https:\/\/magnetiplastic.it\/wp-content\/uploads\/2021\/11\/filtri-cuciti-per-aria-e-acqua.jpg 2500w, https:\/\/magnetiplastic.it\/wp-content\/uploads\/2021\/11\/filtri-cuciti-per-aria-e-acqua-1536x1024.jpg 1536w, https:\/\/magnetiplastic.it\/wp-content\/uploads\/2021\/11\/filtri-cuciti-per-aria-e-acqua-2048x1366.jpg 2048w, https:\/\/magnetiplastic.it\/wp-content\/uploads\/2021\/11\/filtri-cuciti-per-aria-e-acqua-600x400.jpg 600w\" sizes=\"(max-width: 2500px) 100vw, 2500px\" \/>\t\t\t\t\t\t\t\t\t\t\t\t\t\t<\/div>\n\t\t\t\t\t\t<\/div>\n\t\t\t\t<\/div>\n\t\t\t\t<div class=\"elementor-element elementor-element-ebb7925 elementor-widget elementor-widget-text-editor\" data-id=\"ebb7925\" data-element_type=\"widget\" data-widget_type=\"text-editor.default\">\n\t\t\t\t<div class=\"elementor-widget-container\">\n\t\t\t\t\t\t\t\t<div class=\"elementor-text-editor elementor-clearfix\">\n\t\t\t\t<p>Filtros celestes cosidos y troquelados para agua con detergentes. Peso de 10 a 60 PPI seg\u00fan el grado de filtraci\u00f3n requerido.<\/p>\t\t\t\t\t<\/div>\n\t\t\t\t\t\t<\/div>\n\t\t\t\t<\/div>\n\t\t\t\t<div class=\"elementor-element elementor-element-ce2dbeb elementor-widget elementor-widget-spacer\" data-id=\"ce2dbeb\" data-element_type=\"widget\" data-widget_type=\"spacer.default\">\n\t\t\t\t<div class=\"elementor-widget-container\">\n\t\t\t\t\t<div class=\"elementor-spacer\">\n\t\t\t<div class=\"elementor-spacer-inner\"><\/div>\n\t\t<\/div>\n\t\t\t\t<\/div>\n\t\t\t\t<\/div>\n\t\t\t\t\t\t<\/div>\n\t\t\t\t\t<\/div>\n\t\t<\/div>\n\t\t\t\t<div class=\"aux-parallax-section elementor-column elementor-col-33 elementor-top-column elementor-element elementor-element-5991b47\" data-id=\"5991b47\" data-element_type=\"column\">\n\t\t\t<div class=\"elementor-column-wrap elementor-element-populated\">\n\t\t\t\t\t\t\t<div class=\"elementor-widget-wrap\">\n\t\t\t\t\t\t<div class=\"elementor-element elementor-element-c8decbb elementor-widget elementor-widget-heading\" data-id=\"c8decbb\" data-element_type=\"widget\" data-widget_type=\"heading.default\">\n\t\t\t\t<div class=\"elementor-widget-container\">\n\t\t\t<h2 class=\"elementor-heading-title elementor-size-default\">Cosido en TNT<\/h2>\t\t<\/div>\n\t\t\t\t<\/div>\n\t\t\t\t<div class=\"elementor-element elementor-element-28cbc77 elementor-widget elementor-widget-image\" data-id=\"28cbc77\" data-element_type=\"widget\" data-widget_type=\"image.default\">\n\t\t\t\t<div class=\"elementor-widget-container\">\n\t\t\t\t\t\t\t\t<div class=\"elementor-image\">\n\t\t\t\t\t\t\t\t\t\t\t\t<img width=\"2500\" height=\"1666\" src=\"https:\/\/magnetiplastic.it\/wp-content\/uploads\/2021\/11\/MP_29PAZ_3392_Lres.jpg\" class=\"attachment-full size-full\" alt=\"\" loading=\"lazy\" srcset=\"https:\/\/magnetiplastic.it\/wp-content\/uploads\/2021\/11\/MP_29PAZ_3392_Lres.jpg 2500w, https:\/\/magnetiplastic.it\/wp-content\/uploads\/2021\/11\/MP_29PAZ_3392_Lres-1536x1024.jpg 1536w, https:\/\/magnetiplastic.it\/wp-content\/uploads\/2021\/11\/MP_29PAZ_3392_Lres-2048x1365.jpg 2048w, https:\/\/magnetiplastic.it\/wp-content\/uploads\/2021\/11\/MP_29PAZ_3392_Lres-600x400.jpg 600w\" sizes=\"(max-width: 2500px) 100vw, 2500px\" \/>\t\t\t\t\t\t\t\t\t\t\t\t\t\t<\/div>\n\t\t\t\t\t\t<\/div>\n\t\t\t\t<\/div>\n\t\t\t\t<div class=\"elementor-element elementor-element-06bf1af elementor-widget elementor-widget-text-editor\" data-id=\"06bf1af\" data-element_type=\"widget\" data-widget_type=\"text-editor.default\">\n\t\t\t\t<div class=\"elementor-widget-container\">\n\t\t\t\t\t\t\t\t<div class=\"elementor-text-editor elementor-clearfix\">\n\t\t\t\t<p>Filtros cosidos no tejidos para filtraci\u00f3n de aire y micropolvo.<\/p>\t\t\t\t\t<\/div>\n\t\t\t\t\t\t<\/div>\n\t\t\t\t<\/div>\n\t\t\t\t<div class=\"elementor-element elementor-element-70e1f67 elementor-hidden-desktop elementor-hidden-tablet elementor-widget-divider--view-line elementor-widget elementor-widget-divider\" data-id=\"70e1f67\" data-element_type=\"widget\" data-widget_type=\"divider.default\">\n\t\t\t\t<div class=\"elementor-widget-container\">\n\t\t\t\t\t<div class=\"elementor-divider\">\n\t\t\t<span class=\"elementor-divider-separator\">\n\t\t\t\t\t\t<\/span>\n\t\t<\/div>\n\t\t\t\t<\/div>\n\t\t\t\t<\/div>\n\t\t\t\t\t\t<\/div>\n\t\t\t\t\t<\/div>\n\t\t<\/div>\n\t\t\t\t\t\t\t\t<\/div>\n\t\t\t\t\t<\/div>\n\t\t<\/section>\n\t\t\t\t\t\t<\/div>\n\t\t\t\t\t\t<\/div>\n\t\t\t\t\t<\/div>\n\t\t","protected":false},"excerpt":{"rendered":"<p>Filtros de Poliuretano Expandido Rebanadas para aire y agua Filtros cosidos y troquelados para aire y agua. Peso de 10 a 80 PPI seg\u00fan el grado de filtraci\u00f3n requerido. Versi\u00f3n normal e ign\u00edfuga disponible seg\u00fan norma MVSS302. Cosido para aire y agua. Filtros celestes cosidos y troquelados para agua con detergentes. Peso de 10 a [&hellip;]<\/p>\n","protected":false},"author":1,"featured_media":0,"parent":0,"menu_order":0,"comment_status":"closed","ping_status":"closed","template":"templates\/page-builder-content.php","meta":[],"_links":{"self":[{"href":"https:\/\/magnetiplastic.it\/es\/wp-json\/wp\/v2\/pages\/2643"}],"collection":[{"href":"https:\/\/magnetiplastic.it\/es\/wp-json\/wp\/v2\/pages"}],"about":[{"href":"https:\/\/magnetiplastic.it\/es\/wp-json\/wp\/v2\/types\/page"}],"author":[{"embeddable":true,"href":"https:\/\/magnetiplastic.it\/es\/wp-json\/wp\/v2\/users\/1"}],"replies":[{"embeddable":true,"href":"https:\/\/magnetiplastic.it\/es\/wp-json\/wp\/v2\/comments?post=2643"}],"version-history":[{"count":8,"href":"https:\/\/magnetiplastic.it\/es\/wp-json\/wp\/v2\/pages\/2643\/revisions"}],"predecessor-version":[{"id":3051,"href":"https:\/\/magnetiplastic.it\/es\/wp-json\/wp\/v2\/pages\/2643\/revisions\/3051"}],"wp:attachment":[{"href":"https:\/\/magnetiplastic.it\/es\/wp-json\/wp\/v2\/media?parent=2643"}],"curies":[{"name":"wp","href":"https:\/\/api.w.org\/{rel}","templated":true}]}}