{"id":2572,"date":"2021-11-11T17:20:31","date_gmt":"2021-11-11T16:20:31","guid":{"rendered":"https:\/\/magnetiplastic.it\/azienda\/"},"modified":"2024-12-17T17:49:52","modified_gmt":"2024-12-17T16:49:52","slug":"azienda","status":"publish","type":"page","link":"https:\/\/magnetiplastic.it\/es\/azienda\/","title":{"rendered":"Agencia"},"content":{"rendered":"\t\t<div data-elementor-type=\"wp-page\" data-elementor-id=\"2572\" class=\"elementor elementor-2572 elementor-470\" data-elementor-settings=\"[]\">\n\t\t\t\t\t\t<div class=\"elementor-inner\">\n\t\t\t\t\t\t\t<div class=\"elementor-section-wrap\">\n\t\t\t\t\t\t\t<section class=\"elementor-section elementor-top-section elementor-element elementor-element-444c585 elementor-section-boxed elementor-section-height-default elementor-section-height-default\" data-id=\"444c585\" data-element_type=\"section\">\n\t\t\t\t\t\t<div class=\"elementor-container elementor-column-gap-no\">\n\t\t\t\t\t\t\t<div class=\"elementor-row\">\n\t\t\t\t\t<div class=\"aux-parallax-section elementor-column elementor-col-50 elementor-top-column elementor-element elementor-element-ba3312c\" data-id=\"ba3312c\" data-element_type=\"column\">\n\t\t\t<div class=\"elementor-column-wrap elementor-element-populated\">\n\t\t\t\t\t\t\t<div class=\"elementor-widget-wrap\">\n\t\t\t\t\t\t<div class=\"elementor-element elementor-element-4dbcef6 elementor-widget elementor-widget-image\" data-id=\"4dbcef6\" data-element_type=\"widget\" data-widget_type=\"image.default\">\n\t\t\t\t<div class=\"elementor-widget-container\">\n\t\t\t\t\t\t\t\t<div class=\"elementor-image\">\n\t\t\t\t\t\t\t\t\t\t\t\t<img width=\"540\" height=\"299\" src=\"https:\/\/magnetiplastic.it\/wp-content\/uploads\/2024\/11\/vecchio-logo-mp.jpg\" class=\"attachment-shop_single size-shop_single\" alt=\"\" loading=\"lazy\" \/>\t\t\t\t\t\t\t\t\t\t\t\t\t\t<\/div>\n\t\t\t\t\t\t<\/div>\n\t\t\t\t<\/div>\n\t\t\t\t<div class=\"elementor-element elementor-element-ce9dd97 elementor-widget elementor-widget-text-editor\" data-id=\"ce9dd97\" data-element_type=\"widget\" data-widget_type=\"text-editor.default\">\n\t\t\t\t<div class=\"elementor-widget-container\">\n\t\t\t\t\t\t\t\t<div class=\"elementor-text-editor elementor-clearfix\">\n\t\t\t\tPrimer Cartel Empresarial 1973\t\t\t\t\t<\/div>\n\t\t\t\t\t\t<\/div>\n\t\t\t\t<\/div>\n\t\t\t\t<div class=\"elementor-element elementor-element-5295b54 elementor-widget elementor-widget-image\" data-id=\"5295b54\" data-element_type=\"widget\" data-widget_type=\"image.default\">\n\t\t\t\t<div class=\"elementor-widget-container\">\n\t\t\t\t\t\t\t\t<div class=\"elementor-image\">\n\t\t\t\t\t\t\t\t\t\t\t\t<img width=\"1480\" height=\"1090\" src=\"https:\/\/magnetiplastic.it\/wp-content\/uploads\/2023\/07\/ValterGiavazzi1975.jpg\" class=\"attachment-full size-full\" alt=\"\" loading=\"lazy\" srcset=\"https:\/\/magnetiplastic.it\/wp-content\/uploads\/2023\/07\/ValterGiavazzi1975.jpg 1480w, https:\/\/magnetiplastic.it\/wp-content\/uploads\/2023\/07\/ValterGiavazzi1975-600x442.jpg 600w\" sizes=\"(max-width: 1480px) 100vw, 1480px\" \/>\t\t\t\t\t\t\t\t\t\t\t\t\t\t<\/div>\n\t\t\t\t\t\t<\/div>\n\t\t\t\t<\/div>\n\t\t\t\t<div class=\"elementor-element elementor-element-6cc0fb0 elementor-widget elementor-widget-text-editor\" data-id=\"6cc0fb0\" data-element_type=\"widget\" data-widget_type=\"text-editor.default\">\n\t\t\t\t<div class=\"elementor-widget-container\">\n\t\t\t\t\t\t\t\t<div class=\"elementor-text-editor elementor-clearfix\">\n\t\t\t\t<p>Junta para Algodonera 1976, realizada a mano por el Sr. Giavazzi y Pietro Ramponi.<\/p>\t\t\t\t\t<\/div>\n\t\t\t\t\t\t<\/div>\n\t\t\t\t<\/div>\n\t\t\t\t<div class=\"elementor-element elementor-element-c7b8a1b elementor-widget elementor-widget-image\" data-id=\"c7b8a1b\" data-element_type=\"widget\" data-widget_type=\"image.default\">\n\t\t\t\t<div class=\"elementor-widget-container\">\n\t\t\t\t\t\t\t\t<div class=\"elementor-image\">\n\t\t\t\t\t\t\t\t\t\t\t\t<img width=\"600\" height=\"334\" src=\"https:\/\/magnetiplastic.it\/wp-content\/uploads\/2024\/12\/raffaella-giavazzi-e-valter-giavazzi-600x334.png\" class=\"attachment-shop_single size-shop_single\" alt=\"\" loading=\"lazy\" srcset=\"https:\/\/magnetiplastic.it\/wp-content\/uploads\/2024\/12\/raffaella-giavazzi-e-valter-giavazzi-600x334.png 600w, https:\/\/magnetiplastic.it\/wp-content\/uploads\/2024\/12\/raffaella-giavazzi-e-valter-giavazzi-1536x855.png 1536w, https:\/\/magnetiplastic.it\/wp-content\/uploads\/2024\/12\/raffaella-giavazzi-e-valter-giavazzi.png 1914w\" sizes=\"(max-width: 600px) 100vw, 600px\" \/>\t\t\t\t\t\t\t\t\t\t\t\t\t\t<\/div>\n\t\t\t\t\t\t<\/div>\n\t\t\t\t<\/div>\n\t\t\t\t<div class=\"elementor-element elementor-element-14cc90c elementor-widget elementor-widget-text-editor\" data-id=\"14cc90c\" data-element_type=\"widget\" data-widget_type=\"text-editor.default\">\n\t\t\t\t<div class=\"elementor-widget-container\">\n\t\t\t\t\t\t\t\t<div class=\"elementor-text-editor elementor-clearfix\">\n\t\t\t\t<p>Raffaella Giavazzi y Valter Giavazzi<\/p>\t\t\t\t\t<\/div>\n\t\t\t\t\t\t<\/div>\n\t\t\t\t<\/div>\n\t\t\t\t<section class=\"elementor-section elementor-inner-section elementor-element elementor-element-be4b5a5 elementor-section-boxed elementor-section-height-default elementor-section-height-default\" data-id=\"be4b5a5\" data-element_type=\"section\">\n\t\t\t\t\t\t<div class=\"elementor-container elementor-column-gap-default\">\n\t\t\t\t\t\t\t<div class=\"elementor-row\">\n\t\t\t\t\t<div class=\"aux-parallax-section elementor-column elementor-col-100 elementor-inner-column elementor-element elementor-element-7c87100\" data-id=\"7c87100\" data-element_type=\"column\">\n\t\t\t<div class=\"elementor-column-wrap elementor-element-populated\">\n\t\t\t\t\t\t\t<div class=\"elementor-widget-wrap\">\n\t\t\t\t\t\t<div class=\"elementor-element elementor-element-6a22935 elementor-widget elementor-widget-image\" data-id=\"6a22935\" data-element_type=\"widget\" data-widget_type=\"image.default\">\n\t\t\t\t<div class=\"elementor-widget-container\">\n\t\t\t\t\t\t\t\t<div class=\"elementor-image\">\n\t\t\t\t\t\t\t\t\t\t\t\t<img width=\"600\" height=\"400\" src=\"https:\/\/magnetiplastic.it\/wp-content\/uploads\/2021\/11\/lavorazioni-poliuretano-600x400.jpg\" class=\"attachment-shop_single size-shop_single\" alt=\"\" loading=\"lazy\" srcset=\"https:\/\/magnetiplastic.it\/wp-content\/uploads\/2021\/11\/lavorazioni-poliuretano-600x400.jpg 600w, https:\/\/magnetiplastic.it\/wp-content\/uploads\/2021\/11\/lavorazioni-poliuretano-1320x880.jpg 1320w, https:\/\/magnetiplastic.it\/wp-content\/uploads\/2021\/11\/lavorazioni-poliuretano.jpg 1536w\" sizes=\"(max-width: 600px) 100vw, 600px\" \/>\t\t\t\t\t\t\t\t\t\t\t\t\t\t<\/div>\n\t\t\t\t\t\t<\/div>\n\t\t\t\t<\/div>\n\t\t\t\t<div class=\"elementor-element elementor-element-c53dcaa elementor-widget elementor-widget-text-editor\" data-id=\"c53dcaa\" data-element_type=\"widget\" data-widget_type=\"text-editor.default\">\n\t\t\t\t<div class=\"elementor-widget-container\">\n\t\t\t\t\t\t\t\t<div class=\"elementor-text-editor elementor-clearfix\">\n\t\t\t\t<p>L\u00e1minas de material fonoabsorbente<\/p>\t\t\t\t\t<\/div>\n\t\t\t\t\t\t<\/div>\n\t\t\t\t<\/div>\n\t\t\t\t\t\t<\/div>\n\t\t\t\t\t<\/div>\n\t\t<\/div>\n\t\t\t\t\t\t\t\t<\/div>\n\t\t\t\t\t<\/div>\n\t\t<\/section>\n\t\t\t\t<div class=\"elementor-element elementor-element-e2d7f1e elementor-widget elementor-widget-image\" data-id=\"e2d7f1e\" data-element_type=\"widget\" data-widget_type=\"image.default\">\n\t\t\t\t<div class=\"elementor-widget-container\">\n\t\t\t\t\t\t\t\t<div class=\"elementor-image\">\n\t\t\t\t\t\t\t\t\t\t\t\t<img width=\"600\" height=\"399\" src=\"https:\/\/magnetiplastic.it\/wp-content\/uploads\/2021\/12\/materiali-per-insonorizzazione-600x399.jpg\" class=\"attachment-shop_single size-shop_single\" alt=\"\" loading=\"lazy\" srcset=\"https:\/\/magnetiplastic.it\/wp-content\/uploads\/2021\/12\/materiali-per-insonorizzazione-600x399.jpg 600w, https:\/\/magnetiplastic.it\/wp-content\/uploads\/2021\/12\/materiali-per-insonorizzazione-1320x878.jpg 1320w, https:\/\/magnetiplastic.it\/wp-content\/uploads\/2021\/12\/materiali-per-insonorizzazione.jpg 1536w\" sizes=\"(max-width: 600px) 100vw, 600px\" \/>\t\t\t\t\t\t\t\t\t\t\t\t\t\t<\/div>\n\t\t\t\t\t\t<\/div>\n\t\t\t\t<\/div>\n\t\t\t\t<div class=\"elementor-element elementor-element-4823534 elementor-widget elementor-widget-text-editor\" data-id=\"4823534\" data-element_type=\"widget\" data-widget_type=\"text-editor.default\">\n\t\t\t\t<div class=\"elementor-widget-container\">\n\t\t\t\t\t\t\t\t<div class=\"elementor-text-editor elementor-clearfix\">\n\t\t\t\t<p>Paneles fonoimpedentes de poliuretano<\/p>\t\t\t\t\t<\/div>\n\t\t\t\t\t\t<\/div>\n\t\t\t\t<\/div>\n\t\t\t\t<div class=\"elementor-element elementor-element-4fbca78 elementor-widget elementor-widget-image\" data-id=\"4fbca78\" data-element_type=\"widget\" data-widget_type=\"image.default\">\n\t\t\t\t<div class=\"elementor-widget-container\">\n\t\t\t\t\t\t\t\t<div class=\"elementor-image\">\n\t\t\t\t\t\t\t\t\t\t\t\t<img width=\"2560\" height=\"1440\" src=\"https:\/\/magnetiplastic.it\/wp-content\/uploads\/2024\/12\/ponte-bianco-e-nero-e-rosino-scaled.jpg\" class=\"attachment-full size-full\" alt=\"\" loading=\"lazy\" srcset=\"https:\/\/magnetiplastic.it\/wp-content\/uploads\/2024\/12\/ponte-bianco-e-nero-e-rosino-scaled.jpg 2560w, https:\/\/magnetiplastic.it\/wp-content\/uploads\/2024\/12\/ponte-bianco-e-nero-e-rosino-1536x864.jpg 1536w, https:\/\/magnetiplastic.it\/wp-content\/uploads\/2024\/12\/ponte-bianco-e-nero-e-rosino-2048x1152.jpg 2048w, https:\/\/magnetiplastic.it\/wp-content\/uploads\/2024\/12\/ponte-bianco-e-nero-e-rosino-600x338.jpg 600w\" sizes=\"(max-width: 2560px) 100vw, 2560px\" \/>\t\t\t\t\t\t\t\t\t\t\t\t\t\t<\/div>\n\t\t\t\t\t\t<\/div>\n\t\t\t\t<\/div>\n\t\t\t\t<div class=\"elementor-element elementor-element-426ce01 elementor-widget elementor-widget-text-editor\" data-id=\"426ce01\" data-element_type=\"widget\" data-widget_type=\"text-editor.default\">\n\t\t\t\t<div class=\"elementor-widget-container\">\n\t\t\t\t\t\t\t\t<div class=\"elementor-text-editor elementor-clearfix\">\n\t\t\t\t<p>El Ponte Coperto (tambi\u00e9n conocido como Ponte Vecchio) es el puente s\u00edmbolo de Pav\u00eda.<\/p>\t\t\t\t\t<\/div>\n\t\t\t\t\t\t<\/div>\n\t\t\t\t<\/div>\n\t\t\t\t<div class=\"elementor-element elementor-element-f1911cb elementor-widget elementor-widget-image\" data-id=\"f1911cb\" data-element_type=\"widget\" data-widget_type=\"image.default\">\n\t\t\t\t<div class=\"elementor-widget-container\">\n\t\t\t\t\t\t\t\t<div class=\"elementor-image\">\n\t\t\t\t\t\t\t\t\t<figure class=\"wp-caption\">\n\t\t\t\t\t\t\t\t\t\t<img width=\"1885\" height=\"1543\" src=\"https:\/\/magnetiplastic.it\/wp-content\/uploads\/2024\/12\/raffaella-in-fiera-host.png\" class=\"attachment-full size-full\" alt=\"\" loading=\"lazy\" srcset=\"https:\/\/magnetiplastic.it\/wp-content\/uploads\/2024\/12\/raffaella-in-fiera-host.png 1885w, https:\/\/magnetiplastic.it\/wp-content\/uploads\/2024\/12\/raffaella-in-fiera-host-1536x1257.png 1536w, https:\/\/magnetiplastic.it\/wp-content\/uploads\/2024\/12\/raffaella-in-fiera-host-600x491.png 600w\" sizes=\"(max-width: 1885px) 100vw, 1885px\" \/>\t\t\t\t\t\t\t\t\t\t\t<figcaption class=\"widget-image-caption wp-caption-text\">Fiera HOST 2023<\/figcaption>\n\t\t\t\t\t\t\t\t\t\t<\/figure>\n\t\t\t\t\t\t\t\t<\/div>\n\t\t\t\t\t\t<\/div>\n\t\t\t\t<\/div>\n\t\t\t\t\t\t<\/div>\n\t\t\t\t\t<\/div>\n\t\t<\/div>\n\t\t\t\t<div class=\"aux-parallax-section elementor-column elementor-col-50 elementor-top-column elementor-element elementor-element-43541df\" data-id=\"43541df\" data-element_type=\"column\">\n\t\t\t<div class=\"elementor-column-wrap elementor-element-populated\">\n\t\t\t\t\t\t\t<div class=\"elementor-widget-wrap\">\n\t\t\t\t\t\t<div class=\"elementor-element elementor-element-9578b24 elementor-widget elementor-widget-image\" data-id=\"9578b24\" data-element_type=\"widget\" data-widget_type=\"image.default\">\n\t\t\t\t<div class=\"elementor-widget-container\">\n\t\t\t\t\t\t\t\t<div class=\"elementor-image\">\n\t\t\t\t\t\t\t\t\t\t\t\t<img src=\"https:\/\/magnetiplastic.it\/wp-content\/uploads\/elementor\/thumbs\/50ESIMO_MP-q9jhw78gxsulaj361g2x17y1lndp6zmejn92ol3j48.png\" title=\"50ESIMO_MP\" alt=\"50ESIMO_MP\" \/>\t\t\t\t\t\t\t\t\t\t\t\t\t\t<\/div>\n\t\t\t\t\t\t<\/div>\n\t\t\t\t<\/div>\n\t\t\t\t<div class=\"elementor-element elementor-element-ab8ba0f aux-appear-watch-animation aux-fade-in-up elementor-widget elementor-widget-aux_modern_heading\" data-id=\"ab8ba0f\" data-element_type=\"widget\" data-widget_type=\"aux_modern_heading.default\">\n\t\t\t\t<div class=\"elementor-widget-container\">\n\t\t\t<section class=\"aux-widget-modern-heading\">\n            <div class=\"aux-widget-inner\"><h2 class=\"aux-modern-heading-primary\">Nuestra Historia<\/h2><div class=\"aux-modern-heading-description\"><p><strong>Magneti Plastic<\/strong> fue fundada en <strong>1973<\/strong> gracias a la visi\u00f3n y determinaci\u00f3n del <strong>Sr. Valter Giavazzi<\/strong>, quien aport\u00f3 consigo una valiosa experiencia adquirida en empresas l\u00edderes en los sectores de electrodom\u00e9sticos, petroqu\u00edmica e hidr\u00e1ulica.<\/p>\n<p>Despu\u00e9s de dos a\u00f1os como representante de una gran distribuidora de gomas y espumas en la zona de Mil\u00e1n, Giavazzi decidi\u00f3 embarcarse en una audaz aventura empresarial, fundando una compa\u00f1\u00eda destinada a dejar huella.<\/p>\n<p>Inicialmente, la actividad principal era la <strong>comercializaci\u00f3n de juntas magn\u00e9ticas para refrigeradores, de donde proviene el nombre de la empresa<\/strong>. Desde el principio, el fundador se rode\u00f3 de colaboradores calificados, nombrando a un responsable de producci\u00f3n para gestionar pedidos y personal, mientras \u00e9l se dedicaba a las relaciones con los clientes y al trabajo de representaci\u00f3n. Esta elecci\u00f3n result\u00f3 ser acertada y la empresa creci\u00f3 progresivamente.<\/p>\n<p><strong>En 1992, Raffaella Giavazzi<\/strong>, hija del fundador, decidi\u00f3 unirse al negocio familiar. Su trayectoria comenz\u00f3 en producci\u00f3n, donde se involucr\u00f3 completamente para aprender sobre materiales, procesos y tiempos de producci\u00f3n.<\/p>\n<p>Acompa\u00f1\u00f3 a su padre en visitas a clientes y ferias, adquiriendo un profundo conocimiento de las necesidades t\u00e9cnicas del mercado y desarrollando una capacidad de di\u00e1logo basada en el respeto y la competencia. Con el tiempo, su rol evolucion\u00f3 hasta incluir la <strong>gesti\u00f3n empresarial<\/strong>, con un enfoque particular en la producci\u00f3n y las relaciones con los clientes.<\/p>\n<p><strong>Hoy, Raffaella lidera con orgullo la empresa<\/strong>, trabajando estrechamente con responsables y oficinas t\u00e9cnicas de los clientes para desarrollar prototipos y soluciones innovadoras.<\/p><\/div><\/div>\n        <\/section>\t\t<\/div>\n\t\t\t\t<\/div>\n\t\t\t\t<div class=\"elementor-element elementor-element-29304e2 aux-appear-watch-animation aux-fade-in-up elementor-widget elementor-widget-aux_modern_heading\" data-id=\"29304e2\" data-element_type=\"widget\" data-widget_type=\"aux_modern_heading.default\">\n\t\t\t\t<div class=\"elementor-widget-container\">\n\t\t\t<section class=\"aux-widget-modern-heading\">\n            <div class=\"aux-widget-inner\"><h2 class=\"aux-modern-heading-primary\">Una Empresa en Continua Evoluci\u00f3n<\/h2><div class=\"aux-modern-heading-description\"><p>A lo largo de los a\u00f1os, Magneti Plastic ha ampliado sus sectores de producci\u00f3n, convirti\u00e9ndose en un punto de referencia en la fabricaci\u00f3n de:<\/p>\n<ul>\n<li><strong>Paneles ac\u00fasticos<\/strong> en poliuretano y l\u00e1minas Fonitek.<\/li>\n<li><strong>Juntas de goma<\/strong> natural y sint\u00e9tica.<\/li>\n<li><strong>Filtros expandidos<\/strong> cosidos y moldeados a medida.<\/li>\n<li><strong>Mangas<\/strong> de tejido de poli\u00e9ster o nailon, cosidas directamente sobre anillos de PVC.<\/li>\n<li><strong>Protecciones t\u00e9rmicas cosidas en melamina expandida<\/strong>, utilizadas en calderas, m\u00e1quinas de limpieza a vapor, planchas y <strong>m\u00e1quinas profesionales para caf\u00e9.<\/strong><\/li>\n<\/ul>\n<p>Todos los materiales empleados son<strong> ign\u00edfugos<\/strong>, certificados en <strong>Clase 1<\/strong> y conformes a las normativas <strong>RoHS y REACH<\/strong>. La producci\u00f3n de todos los art\u00edculos se realiza internamente, en los departamentos de troquelado y costura, garantizando el control directo sobre la calidad y los procesos. <strong>Una oficina t\u00e9cnica dedicada desarrolla soluciones personalizadas a partir de prototipos proporcionados por los clientes<\/strong>, ocup\u00e1ndose tambi\u00e9n del aislamiento ac\u00fastico y\/o t\u00e9rmico para las pruebas finales de fonometr\u00eda.<\/p><\/div><\/div>\n        <\/section>\t\t<\/div>\n\t\t\t\t<\/div>\n\t\t\t\t<div class=\"elementor-element elementor-element-110f212 aux-appear-watch-animation aux-fade-in-up elementor-widget elementor-widget-aux_modern_heading\" data-id=\"110f212\" data-element_type=\"widget\" data-widget_type=\"aux_modern_heading.default\">\n\t\t\t\t<div class=\"elementor-widget-container\">\n\t\t\t<section class=\"aux-widget-modern-heading\">\n            <div class=\"aux-widget-inner\"><h2 class=\"aux-modern-heading-primary\">Un Compromiso con la Sostenibilidad<\/h2><div class=\"aux-modern-heading-description\"><p>The company is particularly attentive to <strong>eco-sustainable solutions<\/strong> that protect the environment. An example is the introduction of new rubber inserts capable of replacing lead, thus solving the issues related to its disposal.<\/p>\n<p>Since <strong>2000<\/strong>, Magneti Plastic has been operating in a modern facility located near the <strong>Certosa di Pavia<\/strong>, with a total area of approximately <strong>1,800 square meters,<\/strong> suitable for growing production and logistical needs.<\/p><\/div><\/div>\n        <\/section>\t\t<\/div>\n\t\t\t\t<\/div>\n\t\t\t\t<div class=\"elementor-element elementor-element-770ede9 aux-appear-watch-animation aux-fade-in-up elementor-widget elementor-widget-aux_modern_heading\" data-id=\"770ede9\" data-element_type=\"widget\" data-widget_type=\"aux_modern_heading.default\">\n\t\t\t\t<div class=\"elementor-widget-container\">\n\t\t\t<section class=\"aux-widget-modern-heading\">\n            <div class=\"aux-widget-inner\"><h2 class=\"aux-modern-heading-primary\">New Challenges: The Nautical Division and Opening to the Global Market\n<\/h2><div class=\"aux-modern-heading-description\"><p>Recently, <strong>Magneti Plastic has launched a nautical division in the province of Imperia<\/strong>, dedicated to the production of sound-absorbing panels for engine rooms, made with high-quality and innovative materials, both in performance and environmental sustainability.<\/p>\n<p>\u00a0<\/p><\/div><\/div>\n        <\/section>\t\t<\/div>\n\t\t\t\t<\/div>\n\t\t\t\t<div class=\"elementor-element elementor-element-cca25d5 aux-appear-watch-animation aux-fade-in-up elementor-widget elementor-widget-aux_modern_heading\" data-id=\"cca25d5\" data-element_type=\"widget\" data-widget_type=\"aux_modern_heading.default\">\n\t\t\t\t<div class=\"elementor-widget-container\">\n\t\t\t<section class=\"aux-widget-modern-heading\">\n            <div class=\"aux-widget-inner\"><h2 class=\"aux-modern-heading-primary\">A Look to the Future<\/h2><div class=\"aux-modern-heading-description\"><p>The history of Magneti Plastic is the <strong>story of a family business<\/strong> that, with determination, passion, and attention to detail, has managed to grow and innovate while staying true to the values of quality and <strong>\"Made in Italy.\"<\/strong> We look to the future with confidence, ready to embrace new challenges and carry forward a tradition that combines competence, innovation, and sustainability.<\/p>\n<p>Since <strong>2021<\/strong>, the company has begun participating as an exhibitor in industry trade fairs, a step initially approached with apprehension but which has proven extremely rewarding. <strong>The fairs have allowed us to showcase the value of \"Made in Italy\" manufacturing, attracting attention not only in Europe but also on a global scale.<\/strong><\/p><\/div><\/div>\n        <\/section>\t\t<\/div>\n\t\t\t\t<\/div>\n\t\t\t\t\t\t<\/div>\n\t\t\t\t\t<\/div>\n\t\t<\/div>\n\t\t\t\t\t\t\t\t<\/div>\n\t\t\t\t\t<\/div>\n\t\t<\/section>\n\t\t\t\t\t\t<\/div>\n\t\t\t\t\t\t<\/div>\n\t\t\t\t\t<\/div>\n\t\t","protected":false},"excerpt":{"rendered":"<p>Primer Cartel Empresarial 1973 Junta para Algodonera 1976, realizada a mano por el Sr. Giavazzi y Pietro Ramponi. Raffaella Giavazzi y Valter Giavazzi L\u00e1minas de material fonoabsorbente Paneles fonoimpedentes de poliuretano El Ponte Coperto (tambi\u00e9n conocido como Ponte Vecchio) es el puente s\u00edmbolo de Pav\u00eda. HOST 2023 Nuestra Historia Magneti Plastic fue fundada en 1973 [&hellip;]<\/p>\n","protected":false},"author":1,"featured_media":0,"parent":0,"menu_order":0,"comment_status":"closed","ping_status":"closed","template":"templates\/page-builder-content.php","meta":[],"_links":{"self":[{"href":"https:\/\/magnetiplastic.it\/es\/wp-json\/wp\/v2\/pages\/2572"}],"collection":[{"href":"https:\/\/magnetiplastic.it\/es\/wp-json\/wp\/v2\/pages"}],"about":[{"href":"https:\/\/magnetiplastic.it\/es\/wp-json\/wp\/v2\/types\/page"}],"author":[{"embeddable":true,"href":"https:\/\/magnetiplastic.it\/es\/wp-json\/wp\/v2\/users\/1"}],"replies":[{"embeddable":true,"href":"https:\/\/magnetiplastic.it\/es\/wp-json\/wp\/v2\/comments?post=2572"}],"version-history":[{"count":44,"href":"https:\/\/magnetiplastic.it\/es\/wp-json\/wp\/v2\/pages\/2572\/revisions"}],"predecessor-version":[{"id":3714,"href":"https:\/\/magnetiplastic.it\/es\/wp-json\/wp\/v2\/pages\/2572\/revisions\/3714"}],"wp:attachment":[{"href":"https:\/\/magnetiplastic.it\/es\/wp-json\/wp\/v2\/media?parent=2572"}],"curies":[{"name":"wp","href":"https:\/\/api.w.org\/{rel}","templated":true}]}}